{"id":488,"date":"2025-06-17T16:05:52","date_gmt":"2025-06-17T16:05:52","guid":{"rendered":"https:\/\/clayclawsceramics.fr\/?post_type=product&#038;p=488"},"modified":"2026-01-22T10:40:24","modified_gmt":"2026-01-22T10:40:24","slug":"lit-a-lunettes","status":"publish","type":"product","link":"https:\/\/clayclawsceramics.fr\/en\/product\/lit-a-lunettes\/","title":{"rendered":"Seashell Nests for Tired Specs"},"content":{"rendered":"<p>Because glasses get tired too !<\/p>\n<p>Choose the seashell that best fits your bedside, desk, or entryway table.<\/p>","protected":false},"excerpt":{"rendered":"<p>Parce que vos binocles aussi sont fatigue\u0301s apre\u0300s une longue journe\u0301e ! Choisissez le coquillage qui irait le mieux avec votre t\u00eate de lit, votre bureau, ou votre console \u00e0 l&rsquo;entr\u00e9e de chez vous.<\/p>","protected":false},"featured_media":452,"template":"","meta":{"_kad_post_transparent":"default","_kad_post_title":"","_kad_post_layout":"default","_kad_post_sidebar_id":"","_kad_post_content_style":"default","_kad_post_vertical_padding":"default","_kad_post_feature":"","_kad_post_feature_position":"","_kad_post_header":false,"_kad_post_footer":false,"_kad_post_classname":""},"product_brand":[],"product_cat":[72,60],"product_tag":[131,135],"class_list":{"0":"post-488","1":"product","2":"type-product","3":"status-publish","4":"has-post-thumbnail","6":"product_cat-lits-a-lunettes","7":"product_cat-pres-du-lit","8":"product_tag-coquillage","9":"product_tag-repose-lunette","10":"product_shipping_class-petit","12":"first","13":"instock","14":"shipping-taxable","15":"purchasable","16":"product-type-variable","17":"entry","18":"content-bg","19":"loop-entry"},"jetpack_sharing_enabled":true,"_links":{"self":[{"href":"https:\/\/clayclawsceramics.fr\/en\/wp-json\/wp\/v2\/product\/488","targetHints":{"allow":["GET"]}}],"collection":[{"href":"https:\/\/clayclawsceramics.fr\/en\/wp-json\/wp\/v2\/product"}],"about":[{"href":"https:\/\/clayclawsceramics.fr\/en\/wp-json\/wp\/v2\/types\/product"}],"wp:featuredmedia":[{"embeddable":true,"href":"https:\/\/clayclawsceramics.fr\/en\/wp-json\/wp\/v2\/media\/452"}],"wp:attachment":[{"href":"https:\/\/clayclawsceramics.fr\/en\/wp-json\/wp\/v2\/media?parent=488"}],"wp:term":[{"taxonomy":"product_brand","embeddable":true,"href":"https:\/\/clayclawsceramics.fr\/en\/wp-json\/wp\/v2\/product_brand?post=488"},{"taxonomy":"product_cat","embeddable":true,"href":"https:\/\/clayclawsceramics.fr\/en\/wp-json\/wp\/v2\/product_cat?post=488"},{"taxonomy":"product_tag","embeddable":true,"href":"https:\/\/clayclawsceramics.fr\/en\/wp-json\/wp\/v2\/product_tag?post=488"}],"curies":[{"name":"wp","href":"https:\/\/api.w.org\/{rel}","templated":true}]}}