{"id":2331,"date":"2026-04-28T16:22:32","date_gmt":"2026-04-28T16:22:32","guid":{"rendered":"https:\/\/clayclawsceramics.fr\/?post_type=product&#038;p=2331"},"modified":"2026-04-28T16:23:07","modified_gmt":"2026-04-28T16:23:07","slug":"gateau-bijoux","status":"publish","type":"product","link":"https:\/\/clayclawsceramics.fr\/en\/product\/gateau-bijoux\/","title":{"rendered":"G\u00e2teau bijoux"},"content":{"rendered":"<p>Une jolie petite bo\u00eete \u00e0 bijoux en forme de g\u00e2teau c\u0153ur !<\/p>\n<p>Malheureusement, celle-ci pr\u00e9sente quelques d\u00e9fauts d&rsquo;\u00e9mail, et l&#8217;emboitement n&rsquo;est pas parfait.<\/p>\n<p>Elle ferait n\u00e9anmoins une belle d\u00e9coration \ud83d\ude42<\/p>","protected":false},"excerpt":{"rendered":"<p>Une jolie petite bo\u00eete \u00e0 bijoux en forme de g\u00e2teau c\u0153ur ! Malheureusement, celle-ci pr\u00e9sente quelques d\u00e9fauts d&rsquo;\u00e9mail, et l&#8217;emboitement n&rsquo;est pas parfait. Elle ferait n\u00e9anmoins une belle d\u00e9coration \ud83d\ude42<\/p>","protected":false},"featured_media":2232,"template":"","meta":{"_kad_post_transparent":"default","_kad_post_title":"","_kad_post_layout":"default","_kad_post_sidebar_id":"","_kad_post_content_style":"default","_kad_post_vertical_padding":"default","_kad_post_feature":"","_kad_post_feature_position":"","_kad_post_header":false,"_kad_post_footer":false,"_kad_post_classname":""},"product_brand":[],"product_cat":[74,61,149,148],"product_tag":[],"class_list":{"0":"post-2331","1":"product","2":"type-product","3":"status-publish","4":"has-post-thumbnail","6":"product_cat-boites-et-vide-poches","7":"product_cat-partout-dans-la-maison","8":"product_cat-toutes-les-pieces","9":"product_cat-vide-atelier","10":"product_shipping_class-moyen","12":"first","13":"instock","14":"sale","15":"shipping-taxable","16":"purchasable","17":"product-type-simple","18":"entry","19":"content-bg","20":"loop-entry"},"jetpack_sharing_enabled":true,"_links":{"self":[{"href":"https:\/\/clayclawsceramics.fr\/en\/wp-json\/wp\/v2\/product\/2331","targetHints":{"allow":["GET"]}}],"collection":[{"href":"https:\/\/clayclawsceramics.fr\/en\/wp-json\/wp\/v2\/product"}],"about":[{"href":"https:\/\/clayclawsceramics.fr\/en\/wp-json\/wp\/v2\/types\/product"}],"wp:featuredmedia":[{"embeddable":true,"href":"https:\/\/clayclawsceramics.fr\/en\/wp-json\/wp\/v2\/media\/2232"}],"wp:attachment":[{"href":"https:\/\/clayclawsceramics.fr\/en\/wp-json\/wp\/v2\/media?parent=2331"}],"wp:term":[{"taxonomy":"product_brand","embeddable":true,"href":"https:\/\/clayclawsceramics.fr\/en\/wp-json\/wp\/v2\/product_brand?post=2331"},{"taxonomy":"product_cat","embeddable":true,"href":"https:\/\/clayclawsceramics.fr\/en\/wp-json\/wp\/v2\/product_cat?post=2331"},{"taxonomy":"product_tag","embeddable":true,"href":"https:\/\/clayclawsceramics.fr\/en\/wp-json\/wp\/v2\/product_tag?post=2331"}],"curies":[{"name":"wp","href":"https:\/\/api.w.org\/{rel}","templated":true}]}}