{"id":2316,"date":"2026-04-28T18:45:06","date_gmt":"2026-04-28T16:45:06","guid":{"rendered":"https:\/\/clayclawsceramics.fr\/?post_type=product&#038;p=2316"},"modified":"2026-04-28T18:41:22","modified_gmt":"2026-04-28T16:41:22","slug":"bols-a-matcha","status":"publish","type":"product","link":"https:\/\/clayclawsceramics.fr\/en\/product\/bols-a-matcha\/","title":{"rendered":"Bols \u00e0 matcha"},"content":{"rendered":"<p>Des jolis bols pour pr\u00e9parer vos matcha, certains ont des yeux, mais ils sont tous d\u00e9goulinant !<\/p>","protected":false},"excerpt":{"rendered":"<p>Des jolis bols pour pr\u00e9parer vos matcha, certains ont des yeux, mais ils sont tous d\u00e9goulinant !<\/p>","protected":false},"featured_media":2149,"template":"","meta":{"_kad_post_transparent":"default","_kad_post_title":"","_kad_post_layout":"default","_kad_post_sidebar_id":"","_kad_post_content_style":"default","_kad_post_vertical_padding":"default","_kad_post_feature":"","_kad_post_feature_position":"","_kad_post_header":false,"_kad_post_footer":false,"_kad_post_classname":""},"product_brand":[],"product_cat":[59,64,149,148],"product_tag":[],"class_list":{"0":"post-2316","1":"product","2":"type-product","3":"status-publish","4":"has-post-thumbnail","6":"product_cat-dans-la-cuisine","7":"product_cat-tasses-et-bols","8":"product_cat-toutes-les-pieces","9":"product_cat-vide-atelier","11":"first","12":"instock","13":"sale","14":"shipping-taxable","15":"purchasable","16":"product-type-variable","17":"entry","18":"content-bg","19":"loop-entry"},"jetpack_sharing_enabled":true,"_links":{"self":[{"href":"https:\/\/clayclawsceramics.fr\/en\/wp-json\/wp\/v2\/product\/2316","targetHints":{"allow":["GET"]}}],"collection":[{"href":"https:\/\/clayclawsceramics.fr\/en\/wp-json\/wp\/v2\/product"}],"about":[{"href":"https:\/\/clayclawsceramics.fr\/en\/wp-json\/wp\/v2\/types\/product"}],"wp:featuredmedia":[{"embeddable":true,"href":"https:\/\/clayclawsceramics.fr\/en\/wp-json\/wp\/v2\/media\/2149"}],"wp:attachment":[{"href":"https:\/\/clayclawsceramics.fr\/en\/wp-json\/wp\/v2\/media?parent=2316"}],"wp:term":[{"taxonomy":"product_brand","embeddable":true,"href":"https:\/\/clayclawsceramics.fr\/en\/wp-json\/wp\/v2\/product_brand?post=2316"},{"taxonomy":"product_cat","embeddable":true,"href":"https:\/\/clayclawsceramics.fr\/en\/wp-json\/wp\/v2\/product_cat?post=2316"},{"taxonomy":"product_tag","embeddable":true,"href":"https:\/\/clayclawsceramics.fr\/en\/wp-json\/wp\/v2\/product_tag?post=2316"}],"curies":[{"name":"wp","href":"https:\/\/api.w.org\/{rel}","templated":true}]}}