{"id":2306,"date":"2026-04-28T18:45:30","date_gmt":"2026-04-28T16:45:30","guid":{"rendered":"https:\/\/clayclawsceramics.fr\/?post_type=product&#038;p=2306"},"modified":"2026-04-28T18:39:17","modified_gmt":"2026-04-28T16:39:17","slug":"eat-me","status":"publish","type":"product","link":"https:\/\/clayclawsceramics.fr\/en\/product\/eat-me\/","title":{"rendered":"Eat me"},"content":{"rendered":"<p>Des petites assiettes \u00e0 tartine, mais d\u00e9j\u00e0 beurr\u00e9es et confitur\u00e9es.<\/p>\n<p>Il y a 3 couleurs de confiture diff\u00e9rentes et c&rsquo;est surprise ! \ud83d\ude42<\/p>","protected":false},"excerpt":{"rendered":"<p>Des petites assiettes \u00e0 tartine, mais d\u00e9j\u00e0 beurr\u00e9es et confitur\u00e9es. Il y a 3 couleurs de confiture diff\u00e9rentes et c&rsquo;est surprise ! \ud83d\ude42<\/p>","protected":false},"featured_media":2223,"template":"","meta":{"_kad_post_transparent":"default","_kad_post_title":"","_kad_post_layout":"default","_kad_post_sidebar_id":"","_kad_post_content_style":"default","_kad_post_vertical_padding":"default","_kad_post_feature":"","_kad_post_feature_position":"","_kad_post_header":false,"_kad_post_footer":false,"_kad_post_classname":""},"product_brand":[],"product_cat":[79,59,149,148],"product_tag":[],"class_list":{"0":"post-2306","1":"product","2":"type-product","3":"status-publish","4":"has-post-thumbnail","6":"product_cat-assiettes","7":"product_cat-dans-la-cuisine","8":"product_cat-toutes-les-pieces","9":"product_cat-vide-atelier","10":"product_shipping_class-petit","12":"first","13":"instock","14":"sale","15":"shipping-taxable","16":"purchasable","17":"product-type-simple","18":"entry","19":"content-bg","20":"loop-entry"},"jetpack_sharing_enabled":true,"_links":{"self":[{"href":"https:\/\/clayclawsceramics.fr\/en\/wp-json\/wp\/v2\/product\/2306","targetHints":{"allow":["GET"]}}],"collection":[{"href":"https:\/\/clayclawsceramics.fr\/en\/wp-json\/wp\/v2\/product"}],"about":[{"href":"https:\/\/clayclawsceramics.fr\/en\/wp-json\/wp\/v2\/types\/product"}],"wp:featuredmedia":[{"embeddable":true,"href":"https:\/\/clayclawsceramics.fr\/en\/wp-json\/wp\/v2\/media\/2223"}],"wp:attachment":[{"href":"https:\/\/clayclawsceramics.fr\/en\/wp-json\/wp\/v2\/media?parent=2306"}],"wp:term":[{"taxonomy":"product_brand","embeddable":true,"href":"https:\/\/clayclawsceramics.fr\/en\/wp-json\/wp\/v2\/product_brand?post=2306"},{"taxonomy":"product_cat","embeddable":true,"href":"https:\/\/clayclawsceramics.fr\/en\/wp-json\/wp\/v2\/product_cat?post=2306"},{"taxonomy":"product_tag","embeddable":true,"href":"https:\/\/clayclawsceramics.fr\/en\/wp-json\/wp\/v2\/product_tag?post=2306"}],"curies":[{"name":"wp","href":"https:\/\/api.w.org\/{rel}","templated":true}]}}