{"id":2305,"date":"2026-04-28T18:45:21","date_gmt":"2026-04-28T16:45:21","guid":{"rendered":"https:\/\/clayclawsceramics.fr\/?post_type=product&#038;p=2305"},"modified":"2026-04-28T18:39:52","modified_gmt":"2026-04-28T16:39:52","slug":"boite-burger","status":"publish","type":"product","link":"https:\/\/clayclawsceramics.fr\/en\/product\/boite-burger\/","title":{"rendered":"BurgerBox"},"content":{"rendered":"<p>Un peu comme le t\u00e9l\u00e9phone de Juno mais version bo\u00eete \u00e0 bijoux &#8211; Vous avez la ref ?<\/p>","protected":false},"excerpt":{"rendered":"<p>Un peu comme le t\u00e9l\u00e9phone de Juno mais version bo\u00eete \u00e0 bijoux &#8211; Vous avez la ref ?<\/p>","protected":false},"featured_media":2291,"template":"","meta":{"_kad_post_transparent":"default","_kad_post_title":"","_kad_post_layout":"default","_kad_post_sidebar_id":"","_kad_post_content_style":"default","_kad_post_vertical_padding":"default","_kad_post_feature":"","_kad_post_feature_position":"","_kad_post_header":false,"_kad_post_footer":false,"_kad_post_classname":""},"product_brand":[],"product_cat":[74,61,149],"product_tag":[],"class_list":{"0":"post-2305","1":"product","2":"type-product","3":"status-publish","4":"has-post-thumbnail","6":"product_cat-boites-et-vide-poches","7":"product_cat-partout-dans-la-maison","8":"product_cat-toutes-les-pieces","9":"product_shipping_class-petit","11":"first","12":"outofstock","13":"shipping-taxable","14":"purchasable","15":"product-type-simple","16":"entry","17":"content-bg","18":"loop-entry"},"jetpack_sharing_enabled":true,"_links":{"self":[{"href":"https:\/\/clayclawsceramics.fr\/en\/wp-json\/wp\/v2\/product\/2305","targetHints":{"allow":["GET"]}}],"collection":[{"href":"https:\/\/clayclawsceramics.fr\/en\/wp-json\/wp\/v2\/product"}],"about":[{"href":"https:\/\/clayclawsceramics.fr\/en\/wp-json\/wp\/v2\/types\/product"}],"wp:featuredmedia":[{"embeddable":true,"href":"https:\/\/clayclawsceramics.fr\/en\/wp-json\/wp\/v2\/media\/2291"}],"wp:attachment":[{"href":"https:\/\/clayclawsceramics.fr\/en\/wp-json\/wp\/v2\/media?parent=2305"}],"wp:term":[{"taxonomy":"product_brand","embeddable":true,"href":"https:\/\/clayclawsceramics.fr\/en\/wp-json\/wp\/v2\/product_brand?post=2305"},{"taxonomy":"product_cat","embeddable":true,"href":"https:\/\/clayclawsceramics.fr\/en\/wp-json\/wp\/v2\/product_cat?post=2305"},{"taxonomy":"product_tag","embeddable":true,"href":"https:\/\/clayclawsceramics.fr\/en\/wp-json\/wp\/v2\/product_tag?post=2305"}],"curies":[{"name":"wp","href":"https:\/\/api.w.org\/{rel}","templated":true}]}}