{"id":2304,"date":"2026-04-28T18:45:19","date_gmt":"2026-04-28T16:45:19","guid":{"rendered":"https:\/\/clayclawsceramics.fr\/?post_type=product&#038;p=2304"},"modified":"2026-04-28T21:10:58","modified_gmt":"2026-04-28T19:10:58","slug":"repose-cuillere","status":"publish","type":"product","link":"https:\/\/clayclawsceramics.fr\/en\/product\/repose-cuillere\/","title":{"rendered":"Repose cuill\u00e8re"},"content":{"rendered":"<p>Un petit repose cuill\u00e8re comme hymne \u00e0 l&rsquo;amour en cuisinant.<\/p>","protected":false},"excerpt":{"rendered":"<p>Un petit repose cuill\u00e8re comme hymne \u00e0 l&rsquo;amour en cuisinant.<\/p>","protected":false},"featured_media":2229,"template":"","meta":{"_kad_post_transparent":"default","_kad_post_title":"","_kad_post_layout":"default","_kad_post_sidebar_id":"","_kad_post_content_style":"default","_kad_post_vertical_padding":"default","_kad_post_feature":"","_kad_post_feature_position":"","_kad_post_header":false,"_kad_post_footer":false,"_kad_post_classname":""},"product_brand":[],"product_cat":[59,63,149,148],"product_tag":[],"class_list":{"0":"post-2304","1":"product","2":"type-product","3":"status-publish","4":"has-post-thumbnail","6":"product_cat-dans-la-cuisine","7":"product_cat-reposes-cuilleres","8":"product_cat-toutes-les-pieces","9":"product_cat-vide-atelier","10":"product_shipping_class-tout-petit","12":"first","13":"outofstock","14":"sale","15":"featured","16":"shipping-taxable","17":"purchasable","18":"product-type-simple","19":"entry","20":"content-bg","21":"loop-entry"},"jetpack_sharing_enabled":true,"_links":{"self":[{"href":"https:\/\/clayclawsceramics.fr\/en\/wp-json\/wp\/v2\/product\/2304","targetHints":{"allow":["GET"]}}],"collection":[{"href":"https:\/\/clayclawsceramics.fr\/en\/wp-json\/wp\/v2\/product"}],"about":[{"href":"https:\/\/clayclawsceramics.fr\/en\/wp-json\/wp\/v2\/types\/product"}],"wp:featuredmedia":[{"embeddable":true,"href":"https:\/\/clayclawsceramics.fr\/en\/wp-json\/wp\/v2\/media\/2229"}],"wp:attachment":[{"href":"https:\/\/clayclawsceramics.fr\/en\/wp-json\/wp\/v2\/media?parent=2304"}],"wp:term":[{"taxonomy":"product_brand","embeddable":true,"href":"https:\/\/clayclawsceramics.fr\/en\/wp-json\/wp\/v2\/product_brand?post=2304"},{"taxonomy":"product_cat","embeddable":true,"href":"https:\/\/clayclawsceramics.fr\/en\/wp-json\/wp\/v2\/product_cat?post=2304"},{"taxonomy":"product_tag","embeddable":true,"href":"https:\/\/clayclawsceramics.fr\/en\/wp-json\/wp\/v2\/product_tag?post=2304"}],"curies":[{"name":"wp","href":"https:\/\/api.w.org\/{rel}","templated":true}]}}