{"id":2283,"date":"2026-04-28T18:45:05","date_gmt":"2026-04-28T16:45:05","guid":{"rendered":"https:\/\/clayclawsceramics.fr\/?post_type=product&#038;p=2283"},"modified":"2026-04-28T18:41:35","modified_gmt":"2026-04-28T16:41:35","slug":"say-cheez","status":"publish","type":"product","link":"https:\/\/clayclawsceramics.fr\/en\/product\/say-cheez\/","title":{"rendered":"Say Cheez"},"content":{"rendered":"<p>Fromages, figues et cornichons&#8230;Un merveilleux petit plateau fromage pour vos d\u00e9gustations quotidiennes \u00e0 la maison.<\/p>\n<p>Les fromages ont \u00e9t\u00e9 dessin\u00e9s au crayon oxyde avec amour et d\u00e9votion.<\/p>","protected":false},"excerpt":{"rendered":"<p>Fromages, figues et cornichons&#8230;Un merveilleux petit plateau fromage pour vos d\u00e9gustations quotidiennes \u00e0 la maison. Les fromages ont \u00e9t\u00e9 dessin\u00e9s au crayon oxyde avec amour et d\u00e9votion.<\/p>","protected":false},"featured_media":2243,"template":"","meta":{"_kad_post_transparent":"default","_kad_post_title":"","_kad_post_layout":"default","_kad_post_sidebar_id":"","_kad_post_content_style":"default","_kad_post_vertical_padding":"default","_kad_post_feature":"","_kad_post_feature_position":"","_kad_post_header":false,"_kad_post_footer":false,"_kad_post_classname":""},"product_brand":[],"product_cat":[59,68,149,148],"product_tag":[],"class_list":{"0":"post-2283","1":"product","2":"type-product","3":"status-publish","4":"has-post-thumbnail","6":"product_cat-dans-la-cuisine","7":"product_cat-dipping-plates","8":"product_cat-toutes-les-pieces","9":"product_cat-vide-atelier","10":"product_shipping_class-moyen","12":"first","13":"outofstock","14":"shipping-taxable","15":"purchasable","16":"product-type-simple","17":"entry","18":"content-bg","19":"loop-entry"},"jetpack_sharing_enabled":true,"_links":{"self":[{"href":"https:\/\/clayclawsceramics.fr\/en\/wp-json\/wp\/v2\/product\/2283","targetHints":{"allow":["GET"]}}],"collection":[{"href":"https:\/\/clayclawsceramics.fr\/en\/wp-json\/wp\/v2\/product"}],"about":[{"href":"https:\/\/clayclawsceramics.fr\/en\/wp-json\/wp\/v2\/types\/product"}],"wp:featuredmedia":[{"embeddable":true,"href":"https:\/\/clayclawsceramics.fr\/en\/wp-json\/wp\/v2\/media\/2243"}],"wp:attachment":[{"href":"https:\/\/clayclawsceramics.fr\/en\/wp-json\/wp\/v2\/media?parent=2283"}],"wp:term":[{"taxonomy":"product_brand","embeddable":true,"href":"https:\/\/clayclawsceramics.fr\/en\/wp-json\/wp\/v2\/product_brand?post=2283"},{"taxonomy":"product_cat","embeddable":true,"href":"https:\/\/clayclawsceramics.fr\/en\/wp-json\/wp\/v2\/product_cat?post=2283"},{"taxonomy":"product_tag","embeddable":true,"href":"https:\/\/clayclawsceramics.fr\/en\/wp-json\/wp\/v2\/product_tag?post=2283"}],"curies":[{"name":"wp","href":"https:\/\/api.w.org\/{rel}","templated":true}]}}