{"id":2277,"date":"2026-04-28T18:45:30","date_gmt":"2026-04-28T16:45:30","guid":{"rendered":"https:\/\/clayclawsceramics.fr\/?post_type=product&#038;p=2277"},"modified":"2026-04-28T18:42:29","modified_gmt":"2026-04-28T16:42:29","slug":"tea-can","status":"publish","type":"product","link":"https:\/\/clayclawsceramics.fr\/en\/product\/tea-can\/","title":{"rendered":"Tea Can"},"content":{"rendered":"<p>Ces tasses inspir\u00e9es des Campbell&rsquo;s Soup Can-Tainer, version Andy Warhol, poss\u00e8dent un petit couvercle ainsi qu&rsquo;une petite passoire pour y mettre vos infusions \u00e0 feuilles.<\/p>","protected":false},"excerpt":{"rendered":"<p>Ces tasses inspir\u00e9es des Campbell&rsquo;s Soup Can-Tainer, version Andy Warhol, poss\u00e8dent un petit couvercle ainsi qu&rsquo;une petite passoire pour y mettre vos infusions \u00e0 feuilles.<\/p>","protected":false},"featured_media":2242,"template":"","meta":{"_kad_post_transparent":"default","_kad_post_title":"","_kad_post_layout":"default","_kad_post_sidebar_id":"","_kad_post_content_style":"default","_kad_post_vertical_padding":"default","_kad_post_feature":"","_kad_post_feature_position":"","_kad_post_header":false,"_kad_post_footer":false,"_kad_post_classname":""},"product_brand":[],"product_cat":[59,64,149,148],"product_tag":[],"class_list":{"0":"post-2277","1":"product","2":"type-product","3":"status-publish","4":"has-post-thumbnail","6":"product_cat-dans-la-cuisine","7":"product_cat-tasses-et-bols","8":"product_cat-toutes-les-pieces","9":"product_cat-vide-atelier","10":"product_shipping_class-petit","12":"first","13":"instock","14":"sale","15":"featured","16":"shipping-taxable","17":"purchasable","18":"product-type-variable","19":"entry","20":"content-bg","21":"loop-entry"},"jetpack_sharing_enabled":true,"_links":{"self":[{"href":"https:\/\/clayclawsceramics.fr\/en\/wp-json\/wp\/v2\/product\/2277","targetHints":{"allow":["GET"]}}],"collection":[{"href":"https:\/\/clayclawsceramics.fr\/en\/wp-json\/wp\/v2\/product"}],"about":[{"href":"https:\/\/clayclawsceramics.fr\/en\/wp-json\/wp\/v2\/types\/product"}],"wp:featuredmedia":[{"embeddable":true,"href":"https:\/\/clayclawsceramics.fr\/en\/wp-json\/wp\/v2\/media\/2242"}],"wp:attachment":[{"href":"https:\/\/clayclawsceramics.fr\/en\/wp-json\/wp\/v2\/media?parent=2277"}],"wp:term":[{"taxonomy":"product_brand","embeddable":true,"href":"https:\/\/clayclawsceramics.fr\/en\/wp-json\/wp\/v2\/product_brand?post=2277"},{"taxonomy":"product_cat","embeddable":true,"href":"https:\/\/clayclawsceramics.fr\/en\/wp-json\/wp\/v2\/product_cat?post=2277"},{"taxonomy":"product_tag","embeddable":true,"href":"https:\/\/clayclawsceramics.fr\/en\/wp-json\/wp\/v2\/product_tag?post=2277"}],"curies":[{"name":"wp","href":"https:\/\/api.w.org\/{rel}","templated":true}]}}