{"id":2081,"date":"2026-04-23T12:13:22","date_gmt":"2026-04-23T12:13:22","guid":{"rendered":"https:\/\/clayclawsceramics.fr\/?post_type=product&#038;p=2081"},"modified":"2026-04-28T00:33:02","modified_gmt":"2026-04-28T00:33:02","slug":"plat-a-contes-souris","status":"publish","type":"product","link":"https:\/\/clayclawsceramics.fr\/en\/product\/plat-a-contes-souris\/","title":{"rendered":"Plat \u00e0 contes souris"},"content":{"rendered":"<p>CE PLAT PR\u00c9SENTE DE GROSSES COULURES D&rsquo;EMAIL sur la surface du plateau. Cela n&rsquo;alt\u00e8re en aucun cas l&rsquo;utilisation du plat.<\/p>\n<p>Ce plat invite les desserts, les go\u00fbters, les miettes et les contes.<\/p>\n<p>Prenez garde, les desserts ne feront pas long feu sur lui&#8230;<\/p>","protected":false},"excerpt":{"rendered":"<p>CE PLAT PR\u00c9SENTE DE GROSSES COULURES D&rsquo;EMAIL sur la surface du plateau. Cela n&rsquo;alt\u00e8re en aucun cas l&rsquo;utilisation du plat. Ce plat invite les desserts, les go\u00fbters, les miettes et les contes. Prenez garde, les desserts ne feront pas long feu sur lui&#8230;<\/p>","protected":false},"featured_media":1025,"template":"","meta":{"_kad_post_transparent":"default","_kad_post_title":"","_kad_post_layout":"default","_kad_post_sidebar_id":"","_kad_post_content_style":"default","_kad_post_vertical_padding":"default","_kad_post_feature":"","_kad_post_feature_position":"","_kad_post_header":false,"_kad_post_footer":false,"_kad_post_classname":""},"product_brand":[],"product_cat":[59,62,77,149,148],"product_tag":[129,88,130],"class_list":{"0":"post-2081","1":"product","2":"type-product","3":"status-publish","4":"has-post-thumbnail","6":"product_cat-dans-la-cuisine","7":"product_cat-les-petits-blesses","8":"product_cat-plats-a-gateaux","9":"product_cat-toutes-les-pieces","10":"product_cat-vide-atelier","11":"product_tag-gateau","12":"product_tag-plat","13":"product_tag-plat-a-gateau","14":"product_shipping_class-large","16":"first","17":"instock","18":"sale","19":"shipping-taxable","20":"purchasable","21":"product-type-simple","22":"entry","23":"content-bg","24":"loop-entry"},"jetpack_sharing_enabled":true,"_links":{"self":[{"href":"https:\/\/clayclawsceramics.fr\/en\/wp-json\/wp\/v2\/product\/2081","targetHints":{"allow":["GET"]}}],"collection":[{"href":"https:\/\/clayclawsceramics.fr\/en\/wp-json\/wp\/v2\/product"}],"about":[{"href":"https:\/\/clayclawsceramics.fr\/en\/wp-json\/wp\/v2\/types\/product"}],"wp:featuredmedia":[{"embeddable":true,"href":"https:\/\/clayclawsceramics.fr\/en\/wp-json\/wp\/v2\/media\/1025"}],"wp:attachment":[{"href":"https:\/\/clayclawsceramics.fr\/en\/wp-json\/wp\/v2\/media?parent=2081"}],"wp:term":[{"taxonomy":"product_brand","embeddable":true,"href":"https:\/\/clayclawsceramics.fr\/en\/wp-json\/wp\/v2\/product_brand?post=2081"},{"taxonomy":"product_cat","embeddable":true,"href":"https:\/\/clayclawsceramics.fr\/en\/wp-json\/wp\/v2\/product_cat?post=2081"},{"taxonomy":"product_tag","embeddable":true,"href":"https:\/\/clayclawsceramics.fr\/en\/wp-json\/wp\/v2\/product_tag?post=2081"}],"curies":[{"name":"wp","href":"https:\/\/api.w.org\/{rel}","templated":true}]}}