{"id":1682,"date":"2025-09-02T16:22:34","date_gmt":"2025-09-02T16:22:34","guid":{"rendered":"https:\/\/clayclawsceramics.fr\/?post_type=product&#038;p=1682"},"modified":"2026-04-28T00:33:02","modified_gmt":"2026-04-28T00:33:02","slug":"espresso-galactique","status":"publish","type":"product","link":"https:\/\/clayclawsceramics.fr\/en\/product\/espresso-galactique\/","title":{"rendered":"Galactic espresso"},"content":{"rendered":"<p>For a shot of caffeine\u2026 or a message from outer space!<\/p>\n<p>Ce mod\u00e8le s&rsquo;inspire de la forme des tasses \u00e0 caf\u00e9 libanaises traditionnelles.<\/p>\n<p>Live dangerously: if you buy several, you\u2019ll get a random selection. YOLO<\/p>","protected":false},"excerpt":{"rendered":"<p>Pour un shot de caf\u00e9ine ou&#8230; un message venu d\u2019ailleurs ! Ce mod\u00e8le s&rsquo;inspire de la forme des tasses \u00e0 caf\u00e9 libanaises traditionnelles. Vous allez vivre dangereusement : si vous achetez plusieurs tasses, vous recevrez une s\u00e9lection al\u00e9atoire ! YOLO<\/p>","protected":false},"featured_media":1009,"template":"","meta":{"_kad_post_transparent":"default","_kad_post_title":"","_kad_post_layout":"default","_kad_post_sidebar_id":"","_kad_post_content_style":"default","_kad_post_vertical_padding":"default","_kad_post_feature":"","_kad_post_feature_position":"","_kad_post_header":false,"_kad_post_footer":false,"_kad_post_classname":""},"product_brand":[],"product_cat":[149,148],"product_tag":[139,101],"class_list":{"0":"post-1682","1":"product","2":"type-product","3":"status-publish","4":"has-post-thumbnail","6":"product_cat-toutes-les-pieces","7":"product_cat-vide-atelier","8":"product_tag-cafe","9":"product_tag-tasse","10":"product_shipping_class-tout-petit","12":"first","13":"instock","14":"sale","15":"shipping-taxable","16":"purchasable","17":"product-type-simple","18":"entry","19":"content-bg","20":"loop-entry"},"jetpack_sharing_enabled":true,"_links":{"self":[{"href":"https:\/\/clayclawsceramics.fr\/en\/wp-json\/wp\/v2\/product\/1682","targetHints":{"allow":["GET"]}}],"collection":[{"href":"https:\/\/clayclawsceramics.fr\/en\/wp-json\/wp\/v2\/product"}],"about":[{"href":"https:\/\/clayclawsceramics.fr\/en\/wp-json\/wp\/v2\/types\/product"}],"wp:featuredmedia":[{"embeddable":true,"href":"https:\/\/clayclawsceramics.fr\/en\/wp-json\/wp\/v2\/media\/1009"}],"wp:attachment":[{"href":"https:\/\/clayclawsceramics.fr\/en\/wp-json\/wp\/v2\/media?parent=1682"}],"wp:term":[{"taxonomy":"product_brand","embeddable":true,"href":"https:\/\/clayclawsceramics.fr\/en\/wp-json\/wp\/v2\/product_brand?post=1682"},{"taxonomy":"product_cat","embeddable":true,"href":"https:\/\/clayclawsceramics.fr\/en\/wp-json\/wp\/v2\/product_cat?post=1682"},{"taxonomy":"product_tag","embeddable":true,"href":"https:\/\/clayclawsceramics.fr\/en\/wp-json\/wp\/v2\/product_tag?post=1682"}],"curies":[{"name":"wp","href":"https:\/\/api.w.org\/{rel}","templated":true}]}}