{"id":1677,"date":"2025-09-02T15:35:45","date_gmt":"2025-09-02T15:35:45","guid":{"rendered":"https:\/\/clayclawsceramics.fr\/?post_type=product&#038;p=1677"},"modified":"2025-09-06T17:57:53","modified_gmt":"2025-09-06T17:57:53","slug":"boite-a-souris","status":"publish","type":"product","link":"https:\/\/clayclawsceramics.fr\/en\/product\/boite-a-souris\/","title":{"rendered":"Mouse box"},"content":{"rendered":"<p>A wonderful little box guarded by five mice.<\/p>\n<p>Pink outside, blue inside.<\/p>","protected":false},"excerpt":{"rendered":"<p>Une merveilleuse petite bo\u00eete gard\u00e9e par cinq souris. Rose \u00e0 l&rsquo;ext\u00e9rieur et bleu \u00e0 l&rsquo;int\u00e9rieur.<\/p>","protected":false},"featured_media":1679,"template":"","meta":{"_kad_post_transparent":"default","_kad_post_title":"","_kad_post_layout":"default","_kad_post_sidebar_id":"","_kad_post_content_style":"default","_kad_post_vertical_padding":"default","_kad_post_feature":"","_kad_post_feature_position":"","_kad_post_header":false,"_kad_post_footer":false,"_kad_post_classname":""},"product_brand":[],"product_cat":[74,61],"product_tag":[87,140],"class_list":{"0":"post-1677","1":"product","2":"type-product","3":"status-publish","4":"has-post-thumbnail","6":"product_cat-boites-et-vide-poches","7":"product_cat-partout-dans-la-maison","8":"product_tag-boite","9":"product_tag-souris","10":"product_shipping_class-petit","12":"first","13":"instock","14":"shipping-taxable","15":"purchasable","16":"product-type-simple","17":"entry","18":"content-bg","19":"loop-entry"},"jetpack_sharing_enabled":true,"_links":{"self":[{"href":"https:\/\/clayclawsceramics.fr\/en\/wp-json\/wp\/v2\/product\/1677","targetHints":{"allow":["GET"]}}],"collection":[{"href":"https:\/\/clayclawsceramics.fr\/en\/wp-json\/wp\/v2\/product"}],"about":[{"href":"https:\/\/clayclawsceramics.fr\/en\/wp-json\/wp\/v2\/types\/product"}],"wp:featuredmedia":[{"embeddable":true,"href":"https:\/\/clayclawsceramics.fr\/en\/wp-json\/wp\/v2\/media\/1679"}],"wp:attachment":[{"href":"https:\/\/clayclawsceramics.fr\/en\/wp-json\/wp\/v2\/media?parent=1677"}],"wp:term":[{"taxonomy":"product_brand","embeddable":true,"href":"https:\/\/clayclawsceramics.fr\/en\/wp-json\/wp\/v2\/product_brand?post=1677"},{"taxonomy":"product_cat","embeddable":true,"href":"https:\/\/clayclawsceramics.fr\/en\/wp-json\/wp\/v2\/product_cat?post=1677"},{"taxonomy":"product_tag","embeddable":true,"href":"https:\/\/clayclawsceramics.fr\/en\/wp-json\/wp\/v2\/product_tag?post=1677"}],"curies":[{"name":"wp","href":"https:\/\/api.w.org\/{rel}","templated":true}]}}