{"id":1459,"date":"2025-07-18T09:12:51","date_gmt":"2025-07-18T09:12:51","guid":{"rendered":"https:\/\/clayclawsceramics.fr\/?post_type=product&#038;p=1459"},"modified":"2025-12-09T15:47:52","modified_gmt":"2025-12-09T15:47:52","slug":"boite-a-bijoux-lapin-2","status":"publish","type":"product","link":"https:\/\/clayclawsceramics.fr\/en\/product\/boite-a-bijoux-lapin-2\/","title":{"rendered":"Bunny Treasure Buddy"},"content":{"rendered":"<p>This little box is neither too wise nor too serious.\u2028It will hold what you\u2019d rather keep unseen.<\/p>\n<p>This rabbit has some glaze flaws and a chip on its ear, but still works perfectly.<\/p>","protected":false},"excerpt":{"rendered":"<p>Cette petite boite n&rsquo;est ni trop sage, ni trop s\u00e9rieuse. Elle contiendra ce que vous ne voulez pas que l&rsquo;on voit. Ce petit lapin pr\u00e9sente des d\u00e9fauts d&rsquo;\u00e9mail ainsi qu&rsquo;un d\u00e9faut \u00e0 l&rsquo;oreille, mais cela n&rsquo;alt\u00e8re pas son utilit\u00e9.<\/p>","protected":false},"featured_media":1460,"template":"","meta":{"_kad_post_transparent":"default","_kad_post_title":"","_kad_post_layout":"default","_kad_post_sidebar_id":"","_kad_post_content_style":"default","_kad_post_vertical_padding":"default","_kad_post_feature":"","_kad_post_feature_position":"","_kad_post_header":false,"_kad_post_footer":false,"_kad_post_classname":""},"product_brand":[],"product_cat":[62],"product_tag":[87,90,91],"class_list":{"0":"post-1459","1":"product","2":"type-product","3":"status-publish","4":"has-post-thumbnail","6":"product_cat-les-petits-blesses","7":"product_tag-boite","8":"product_tag-boite-a-bijoux","9":"product_tag-rangement","10":"product_shipping_class-petit","12":"first","13":"outofstock","14":"sale","15":"shipping-taxable","16":"purchasable","17":"product-type-simple","18":"entry","19":"content-bg","20":"loop-entry"},"jetpack_sharing_enabled":true,"_links":{"self":[{"href":"https:\/\/clayclawsceramics.fr\/en\/wp-json\/wp\/v2\/product\/1459","targetHints":{"allow":["GET"]}}],"collection":[{"href":"https:\/\/clayclawsceramics.fr\/en\/wp-json\/wp\/v2\/product"}],"about":[{"href":"https:\/\/clayclawsceramics.fr\/en\/wp-json\/wp\/v2\/types\/product"}],"wp:featuredmedia":[{"embeddable":true,"href":"https:\/\/clayclawsceramics.fr\/en\/wp-json\/wp\/v2\/media\/1460"}],"wp:attachment":[{"href":"https:\/\/clayclawsceramics.fr\/en\/wp-json\/wp\/v2\/media?parent=1459"}],"wp:term":[{"taxonomy":"product_brand","embeddable":true,"href":"https:\/\/clayclawsceramics.fr\/en\/wp-json\/wp\/v2\/product_brand?post=1459"},{"taxonomy":"product_cat","embeddable":true,"href":"https:\/\/clayclawsceramics.fr\/en\/wp-json\/wp\/v2\/product_cat?post=1459"},{"taxonomy":"product_tag","embeddable":true,"href":"https:\/\/clayclawsceramics.fr\/en\/wp-json\/wp\/v2\/product_tag?post=1459"}],"curies":[{"name":"wp","href":"https:\/\/api.w.org\/{rel}","templated":true}]}}