{"id":1457,"date":"2025-07-18T09:09:31","date_gmt":"2025-07-18T09:09:31","guid":{"rendered":"https:\/\/clayclawsceramics.fr\/?post_type=product&#038;p=1457"},"modified":"2025-09-15T11:39:21","modified_gmt":"2025-09-15T11:39:21","slug":"boite-a-bijoux-toucan","status":"publish","type":"product","link":"https:\/\/clayclawsceramics.fr\/en\/product\/boite-a-bijoux-toucan\/","title":{"rendered":"Toucan Treasure Buddy"},"content":{"rendered":"<p>This little box is neither too wise nor too serious.\nIt will guard your secrets\u2014or take them deep into the jungle\u2026<\/p>\n<p>One feather is broken, but it still flies on.<\/p>","protected":false},"excerpt":{"rendered":"<p>Cette petite boite n&rsquo;est ni trop sage, ni trop s\u00e9rieuse. Elle contiendra ce que vous ne voulez pas que l&rsquo;on voit, ou les emm\u00e8nera au fin fond de la jungle&#8230; Il a une plume cass\u00e9e, mais il vole quand m\u00eame !<\/p>","protected":false},"featured_media":1448,"template":"","meta":{"_kad_post_transparent":"default","_kad_post_title":"","_kad_post_layout":"default","_kad_post_sidebar_id":"","_kad_post_content_style":"default","_kad_post_vertical_padding":"default","_kad_post_feature":"","_kad_post_feature_position":"","_kad_post_header":false,"_kad_post_footer":false,"_kad_post_classname":""},"product_brand":[],"product_cat":[74,61],"product_tag":[87,90,91],"class_list":{"0":"post-1457","1":"product","2":"type-product","3":"status-publish","4":"has-post-thumbnail","6":"product_cat-boites-et-vide-poches","7":"product_cat-partout-dans-la-maison","8":"product_tag-boite","9":"product_tag-boite-a-bijoux","10":"product_tag-rangement","11":"product_shipping_class-petit","13":"first","14":"instock","15":"shipping-taxable","16":"purchasable","17":"product-type-simple","18":"entry","19":"content-bg","20":"loop-entry"},"jetpack_sharing_enabled":true,"_links":{"self":[{"href":"https:\/\/clayclawsceramics.fr\/en\/wp-json\/wp\/v2\/product\/1457","targetHints":{"allow":["GET"]}}],"collection":[{"href":"https:\/\/clayclawsceramics.fr\/en\/wp-json\/wp\/v2\/product"}],"about":[{"href":"https:\/\/clayclawsceramics.fr\/en\/wp-json\/wp\/v2\/types\/product"}],"wp:featuredmedia":[{"embeddable":true,"href":"https:\/\/clayclawsceramics.fr\/en\/wp-json\/wp\/v2\/media\/1448"}],"wp:attachment":[{"href":"https:\/\/clayclawsceramics.fr\/en\/wp-json\/wp\/v2\/media?parent=1457"}],"wp:term":[{"taxonomy":"product_brand","embeddable":true,"href":"https:\/\/clayclawsceramics.fr\/en\/wp-json\/wp\/v2\/product_brand?post=1457"},{"taxonomy":"product_cat","embeddable":true,"href":"https:\/\/clayclawsceramics.fr\/en\/wp-json\/wp\/v2\/product_cat?post=1457"},{"taxonomy":"product_tag","embeddable":true,"href":"https:\/\/clayclawsceramics.fr\/en\/wp-json\/wp\/v2\/product_tag?post=1457"}],"curies":[{"name":"wp","href":"https:\/\/api.w.org\/{rel}","templated":true}]}}