{"id":1441,"date":"2025-07-18T08:31:58","date_gmt":"2025-07-18T08:31:58","guid":{"rendered":"https:\/\/clayclawsceramics.fr\/?post_type=product&#038;p=1441"},"modified":"2026-03-31T14:39:34","modified_gmt":"2026-03-31T14:39:34","slug":"assiettes-mr-mme-teckel","status":"publish","type":"product","link":"https:\/\/clayclawsceramics.fr\/en\/product\/assiettes-mr-mme-teckel\/","title":{"rendered":"Mr. &amp; Mrs. Sausage Dog Plates"},"content":{"rendered":"<p>A lovely pair of Mr. &amp; Mrs. Dachshund plates!<\/p>\n<p>Mr. Dachshund has some glaze defects\u2014kiln surprises! But they don\u2019t affect use.<\/p>\n<p>&nbsp;<\/p>","protected":false},"excerpt":{"rendered":"<p>Une jolie paire d&rsquo;assiettes Monsieur &amp; Madame Teckel ! Monsieur Teckel pr\u00e9sente des petits d\u00e9fauts d&rsquo;\u00e9mail, malheureusement, les al\u00e9as du four \u00e0 c\u00e9ramique ! Mais cela n&rsquo;alt\u00e8re pas l&rsquo;utilisation de l&rsquo;assiette ! &nbsp;<\/p>","protected":false},"featured_media":1440,"template":"","meta":{"_kad_post_transparent":"default","_kad_post_title":"","_kad_post_layout":"default","_kad_post_sidebar_id":"","_kad_post_content_style":"default","_kad_post_vertical_padding":"default","_kad_post_feature":"","_kad_post_feature_position":"","_kad_post_header":false,"_kad_post_footer":false,"_kad_post_classname":""},"product_brand":[],"product_cat":[79,59,62],"product_tag":[92,88,94],"class_list":{"0":"post-1441","1":"product","2":"type-product","3":"status-publish","4":"has-post-thumbnail","6":"product_cat-assiettes","7":"product_cat-dans-la-cuisine","8":"product_cat-les-petits-blesses","9":"product_tag-assiettes","10":"product_tag-plat","11":"product_tag-teckel","12":"product_shipping_class-moyen","14":"first","15":"outofstock","16":"shipping-taxable","17":"purchasable","18":"product-type-simple","19":"entry","20":"content-bg","21":"loop-entry"},"jetpack_sharing_enabled":true,"_links":{"self":[{"href":"https:\/\/clayclawsceramics.fr\/en\/wp-json\/wp\/v2\/product\/1441","targetHints":{"allow":["GET"]}}],"collection":[{"href":"https:\/\/clayclawsceramics.fr\/en\/wp-json\/wp\/v2\/product"}],"about":[{"href":"https:\/\/clayclawsceramics.fr\/en\/wp-json\/wp\/v2\/types\/product"}],"wp:featuredmedia":[{"embeddable":true,"href":"https:\/\/clayclawsceramics.fr\/en\/wp-json\/wp\/v2\/media\/1440"}],"wp:attachment":[{"href":"https:\/\/clayclawsceramics.fr\/en\/wp-json\/wp\/v2\/media?parent=1441"}],"wp:term":[{"taxonomy":"product_brand","embeddable":true,"href":"https:\/\/clayclawsceramics.fr\/en\/wp-json\/wp\/v2\/product_brand?post=1441"},{"taxonomy":"product_cat","embeddable":true,"href":"https:\/\/clayclawsceramics.fr\/en\/wp-json\/wp\/v2\/product_cat?post=1441"},{"taxonomy":"product_tag","embeddable":true,"href":"https:\/\/clayclawsceramics.fr\/en\/wp-json\/wp\/v2\/product_tag?post=1441"}],"curies":[{"name":"wp","href":"https:\/\/api.w.org\/{rel}","templated":true}]}}