{"id":1420,"date":"2025-07-18T08:11:28","date_gmt":"2025-07-18T08:11:28","guid":{"rendered":"https:\/\/clayclawsceramics.fr\/?post_type=product&#038;p=1420"},"modified":"2025-09-06T16:54:13","modified_gmt":"2025-09-06T16:54:13","slug":"bougeoir-serpent-2","status":"publish","type":"product","link":"https:\/\/clayclawsceramics.fr\/en\/product\/bougeoir-serpent-2\/","title":{"rendered":"Snake candleholder"},"content":{"rendered":"<p>This serpent candle holder has a small glaze flaw inside its mouth, but works fine.<\/p>\n<p>Tip: drip some wax inside before placing your candle for a secure fit.<\/p>\n<p>&nbsp;<\/p>","protected":false},"excerpt":{"rendered":"<p>Ce petit bougeoir serpent pr\u00e9sente un d\u00e9faut d&rsquo;\u00e9mail au fond de sa bouche, mais cela n&rsquo;alt\u00e8re pas son utilisation ! Pour que la bougie tienne, faites couler un peu de cire dans la bouche du serpent et posez votre bougie. &nbsp;<\/p>","protected":false},"featured_media":1422,"template":"","meta":{"_kad_post_transparent":"default","_kad_post_title":"","_kad_post_layout":"default","_kad_post_sidebar_id":"","_kad_post_content_style":"default","_kad_post_vertical_padding":"default","_kad_post_feature":"","_kad_post_feature_position":"","_kad_post_header":false,"_kad_post_footer":false,"_kad_post_classname":""},"product_brand":[],"product_cat":[142,62,61],"product_tag":[95,96],"class_list":{"0":"post-1420","1":"product","2":"type-product","3":"status-publish","4":"has-post-thumbnail","6":"product_cat-bougeoirs","7":"product_cat-les-petits-blesses","8":"product_cat-partout-dans-la-maison","9":"product_tag-bougeoir","10":"product_tag-serpent","11":"product_shipping_class-petit","13":"first","14":"instock","15":"sale","16":"shipping-taxable","17":"purchasable","18":"product-type-simple","19":"entry","20":"content-bg","21":"loop-entry"},"jetpack_sharing_enabled":true,"_links":{"self":[{"href":"https:\/\/clayclawsceramics.fr\/en\/wp-json\/wp\/v2\/product\/1420","targetHints":{"allow":["GET"]}}],"collection":[{"href":"https:\/\/clayclawsceramics.fr\/en\/wp-json\/wp\/v2\/product"}],"about":[{"href":"https:\/\/clayclawsceramics.fr\/en\/wp-json\/wp\/v2\/types\/product"}],"wp:featuredmedia":[{"embeddable":true,"href":"https:\/\/clayclawsceramics.fr\/en\/wp-json\/wp\/v2\/media\/1422"}],"wp:attachment":[{"href":"https:\/\/clayclawsceramics.fr\/en\/wp-json\/wp\/v2\/media?parent=1420"}],"wp:term":[{"taxonomy":"product_brand","embeddable":true,"href":"https:\/\/clayclawsceramics.fr\/en\/wp-json\/wp\/v2\/product_brand?post=1420"},{"taxonomy":"product_cat","embeddable":true,"href":"https:\/\/clayclawsceramics.fr\/en\/wp-json\/wp\/v2\/product_cat?post=1420"},{"taxonomy":"product_tag","embeddable":true,"href":"https:\/\/clayclawsceramics.fr\/en\/wp-json\/wp\/v2\/product_tag?post=1420"}],"curies":[{"name":"wp","href":"https:\/\/api.w.org\/{rel}","templated":true}]}}