{"id":1398,"date":"2025-07-18T07:49:59","date_gmt":"2025-07-18T07:49:59","guid":{"rendered":"https:\/\/clayclawsceramics.fr\/?post_type=product&#038;p=1398"},"modified":"2025-12-25T15:00:57","modified_gmt":"2025-12-25T15:00:57","slug":"coquetiers-grenouille-2","status":"publish","type":"product","link":"https:\/\/clayclawsceramics.fr\/en\/product\/coquetiers-grenouille-2\/","title":{"rendered":"Frogg'n'egg"},"content":{"rendered":"<p>A lovely pair of Mr. &amp; Mrs. Duck plates!<\/p>\n<p>Note: diameters vary\u2014check the title when choosing.<\/p>","protected":false},"excerpt":{"rendered":"<p>Ces coquetiers batraciens seront le tr\u00f4ne de vos \u0153uf pendant vos brunch. Attention, ces coquetiers ont des diam\u00e8tres diff\u00e9rents, mentionn\u00e9s dans le titre au moment de la s\u00e9lection de la pi\u00e8ce.<\/p>","protected":false},"featured_media":1059,"template":"","meta":{"_kad_post_transparent":"default","_kad_post_title":"","_kad_post_layout":"default","_kad_post_sidebar_id":"","_kad_post_content_style":"default","_kad_post_vertical_padding":"default","_kad_post_feature":"","_kad_post_feature_position":"","_kad_post_header":false,"_kad_post_footer":false,"_kad_post_classname":""},"product_brand":[],"product_cat":[65,59],"product_tag":[97],"class_list":{"0":"post-1398","1":"product","2":"type-product","3":"status-publish","4":"has-post-thumbnail","6":"product_cat-coquetiers","7":"product_cat-dans-la-cuisine","8":"product_tag-coquetier","9":"product_shipping_class-tout-petit","11":"first","12":"instock","13":"shipping-taxable","14":"purchasable","15":"product-type-variable","16":"entry","17":"content-bg","18":"loop-entry"},"jetpack_sharing_enabled":true,"_links":{"self":[{"href":"https:\/\/clayclawsceramics.fr\/en\/wp-json\/wp\/v2\/product\/1398","targetHints":{"allow":["GET"]}}],"collection":[{"href":"https:\/\/clayclawsceramics.fr\/en\/wp-json\/wp\/v2\/product"}],"about":[{"href":"https:\/\/clayclawsceramics.fr\/en\/wp-json\/wp\/v2\/types\/product"}],"wp:featuredmedia":[{"embeddable":true,"href":"https:\/\/clayclawsceramics.fr\/en\/wp-json\/wp\/v2\/media\/1059"}],"wp:attachment":[{"href":"https:\/\/clayclawsceramics.fr\/en\/wp-json\/wp\/v2\/media?parent=1398"}],"wp:term":[{"taxonomy":"product_brand","embeddable":true,"href":"https:\/\/clayclawsceramics.fr\/en\/wp-json\/wp\/v2\/product_brand?post=1398"},{"taxonomy":"product_cat","embeddable":true,"href":"https:\/\/clayclawsceramics.fr\/en\/wp-json\/wp\/v2\/product_cat?post=1398"},{"taxonomy":"product_tag","embeddable":true,"href":"https:\/\/clayclawsceramics.fr\/en\/wp-json\/wp\/v2\/product_tag?post=1398"}],"curies":[{"name":"wp","href":"https:\/\/api.w.org\/{rel}","templated":true}]}}