{"id":1313,"date":"2025-07-17T16:04:07","date_gmt":"2025-07-17T16:04:07","guid":{"rendered":"https:\/\/clayclawsceramics.fr\/?post_type=product&#038;p=1313"},"modified":"2025-11-17T16:21:46","modified_gmt":"2025-11-17T16:21:46","slug":"le-serpent-et-le-canard","status":"publish","type":"product","link":"https:\/\/clayclawsceramics.fr\/en\/product\/le-serpent-et-le-canard\/","title":{"rendered":"Snack Attack"},"content":{"rendered":"<p>One bowl, two destinies: the first eyes your cereal hungrily, while the second snacks on the first as a midnight bite.<\/p>\n<p>Those little bowls will put a smile on your face in the morning !<\/p>","protected":false},"excerpt":{"rendered":"<p>Un bol, deux destins : le premier lorgne sur vos c\u00e9r\u00e9ales avec vos c\u00e9r\u00e9ales, le deuxi\u00e8me s&rsquo;enfile le premier en guise de casse-cro\u00fbte. Ces petits bols vous donneront le sourire de bon matin !<\/p>","protected":false},"featured_media":1326,"template":"","meta":{"_kad_post_transparent":"default","_kad_post_title":"","_kad_post_layout":"default","_kad_post_sidebar_id":"","_kad_post_content_style":"default","_kad_post_vertical_padding":"default","_kad_post_feature":"","_kad_post_feature_position":"","_kad_post_header":false,"_kad_post_footer":false,"_kad_post_classname":""},"product_brand":[],"product_cat":[59,64],"product_tag":[103,93,96],"class_list":{"0":"post-1313","1":"product","2":"type-product","3":"status-publish","4":"has-post-thumbnail","6":"product_cat-dans-la-cuisine","7":"product_cat-tasses-et-bols","8":"product_tag-bol","9":"product_tag-canard","10":"product_tag-serpent","11":"product_shipping_class-petit","13":"first","14":"instock","15":"shipping-taxable","16":"purchasable","17":"product-type-variable","18":"entry","19":"content-bg","20":"loop-entry"},"jetpack_sharing_enabled":true,"_links":{"self":[{"href":"https:\/\/clayclawsceramics.fr\/en\/wp-json\/wp\/v2\/product\/1313","targetHints":{"allow":["GET"]}}],"collection":[{"href":"https:\/\/clayclawsceramics.fr\/en\/wp-json\/wp\/v2\/product"}],"about":[{"href":"https:\/\/clayclawsceramics.fr\/en\/wp-json\/wp\/v2\/types\/product"}],"wp:featuredmedia":[{"embeddable":true,"href":"https:\/\/clayclawsceramics.fr\/en\/wp-json\/wp\/v2\/media\/1326"}],"wp:attachment":[{"href":"https:\/\/clayclawsceramics.fr\/en\/wp-json\/wp\/v2\/media?parent=1313"}],"wp:term":[{"taxonomy":"product_brand","embeddable":true,"href":"https:\/\/clayclawsceramics.fr\/en\/wp-json\/wp\/v2\/product_brand?post=1313"},{"taxonomy":"product_cat","embeddable":true,"href":"https:\/\/clayclawsceramics.fr\/en\/wp-json\/wp\/v2\/product_cat?post=1313"},{"taxonomy":"product_tag","embeddable":true,"href":"https:\/\/clayclawsceramics.fr\/en\/wp-json\/wp\/v2\/product_tag?post=1313"}],"curies":[{"name":"wp","href":"https:\/\/api.w.org\/{rel}","templated":true}]}}