{"id":1118,"date":"2025-06-19T14:25:37","date_gmt":"2025-06-19T14:25:37","guid":{"rendered":"https:\/\/clayclawsceramics.fr\/?post_type=product&#038;p=1118"},"modified":"2025-12-09T15:47:52","modified_gmt":"2025-12-09T15:47:52","slug":"cruche-a-eau-coin-coin","status":"publish","type":"product","link":"https:\/\/clayclawsceramics.fr\/en\/product\/cruche-a-eau-coin-coin\/","title":{"rendered":"Quacky water jug"},"content":{"rendered":"<p>Ever dreamed of an improbable duck water jug? Wish granted!<\/p>\n<p>It even comes with a little lid to keep it from swallowing flies.<\/p>","protected":false},"excerpt":{"rendered":"<p>Vous avez toujours r\u00eav\u00e9 d&rsquo;avoir une cruche \u00e0 eau d\u00e9corative et improbable ? Vos r\u00eaves sont exhauss\u00e9s ! La cruche coin-coin vous sera livr\u00e9e avec un couvercle \u00e0 lui poser sur la t\u00eate, afin d&rsquo;\u00e9viter qu&rsquo;elle ne gobe une mouche !<\/p>","protected":false},"featured_media":703,"template":"","meta":{"_kad_post_transparent":"default","_kad_post_title":"","_kad_post_layout":"default","_kad_post_sidebar_id":"","_kad_post_content_style":"default","_kad_post_vertical_padding":"default","_kad_post_feature":"","_kad_post_feature_position":"","_kad_post_header":false,"_kad_post_footer":false,"_kad_post_classname":""},"product_brand":[],"product_cat":[76,59],"product_tag":[115,116],"class_list":{"0":"post-1118","1":"product","2":"type-product","3":"status-publish","4":"has-post-thumbnail","6":"product_cat-cruche-a-eau","7":"product_cat-dans-la-cuisine","8":"product_tag-carafe","9":"product_tag-cruche","10":"product_shipping_class-moyen","12":"first","13":"instock","14":"shipping-taxable","15":"purchasable","16":"product-type-variable","17":"entry","18":"content-bg","19":"loop-entry"},"jetpack_sharing_enabled":true,"_links":{"self":[{"href":"https:\/\/clayclawsceramics.fr\/en\/wp-json\/wp\/v2\/product\/1118","targetHints":{"allow":["GET"]}}],"collection":[{"href":"https:\/\/clayclawsceramics.fr\/en\/wp-json\/wp\/v2\/product"}],"about":[{"href":"https:\/\/clayclawsceramics.fr\/en\/wp-json\/wp\/v2\/types\/product"}],"wp:featuredmedia":[{"embeddable":true,"href":"https:\/\/clayclawsceramics.fr\/en\/wp-json\/wp\/v2\/media\/703"}],"wp:attachment":[{"href":"https:\/\/clayclawsceramics.fr\/en\/wp-json\/wp\/v2\/media?parent=1118"}],"wp:term":[{"taxonomy":"product_brand","embeddable":true,"href":"https:\/\/clayclawsceramics.fr\/en\/wp-json\/wp\/v2\/product_brand?post=1118"},{"taxonomy":"product_cat","embeddable":true,"href":"https:\/\/clayclawsceramics.fr\/en\/wp-json\/wp\/v2\/product_cat?post=1118"},{"taxonomy":"product_tag","embeddable":true,"href":"https:\/\/clayclawsceramics.fr\/en\/wp-json\/wp\/v2\/product_tag?post=1118"}],"curies":[{"name":"wp","href":"https:\/\/api.w.org\/{rel}","templated":true}]}}