{"id":70,"date":"2025-03-06T16:16:44","date_gmt":"2025-03-06T16:16:44","guid":{"rendered":"https:\/\/aqua-baboon-706819.hostingersite.com\/?page_id=70"},"modified":"2025-09-16T12:40:53","modified_gmt":"2025-09-16T12:40:53","slug":"a-propos","status":"publish","type":"page","link":"https:\/\/clayclawsceramics.fr\/en\/a-propos\/","title":{"rendered":"L&rsquo;envers des griffes"},"content":{"rendered":"<h6 class=\"wp-block-heading has-text-align-center\"><mark style=\"background-color:var(--global-palette3)\" class=\"has-inline-color has-theme-palette-2-color\">\u2728 Behind the Claws \u2728<\/mark> <\/h6>\n\n\n\n<div style=\"height:70px\" aria-hidden=\"true\" class=\"wp-block-spacer\"><\/div>\n\n\n\n<div class=\"wp-block-columns is-layout-flex wp-container-core-columns-is-layout-9d6595d7 wp-block-columns-is-layout-flex\">\n<div class=\"wp-block-column is-layout-flow wp-block-column-is-layout-flow\" style=\"flex-basis:33.33%\">\n<figure class=\"wp-block-image size-large\"><img loading=\"lazy\" decoding=\"async\" width=\"768\" height=\"1024\" src=\"https:\/\/clayclawsceramics.fr\/wp-content\/uploads\/2025\/09\/IMG_1571-768x1024.jpeg\" alt=\"\" class=\"wp-image-1554\" srcset=\"https:\/\/clayclawsceramics.fr\/wp-content\/uploads\/2025\/09\/IMG_1571-768x1024.jpeg 768w, https:\/\/clayclawsceramics.fr\/wp-content\/uploads\/2025\/09\/IMG_1571-225x300.jpeg 225w, https:\/\/clayclawsceramics.fr\/wp-content\/uploads\/2025\/09\/IMG_1571-1152x1536.jpeg 1152w, https:\/\/clayclawsceramics.fr\/wp-content\/uploads\/2025\/09\/IMG_1571-1536x2048.jpeg 1536w, https:\/\/clayclawsceramics.fr\/wp-content\/uploads\/2025\/09\/IMG_1571-9x12.jpeg 9w, https:\/\/clayclawsceramics.fr\/wp-content\/uploads\/2025\/09\/IMG_1571-1000x1333.jpeg 1000w, https:\/\/clayclawsceramics.fr\/wp-content\/uploads\/2025\/09\/IMG_1571-scaled.jpeg 1920w\" sizes=\"auto, (max-width: 768px) 100vw, 768px\" \/><\/figure>\n<\/div>\n\n\n\n<div class=\"wp-block-column is-layout-flow wp-block-column-is-layout-flow\" style=\"flex-basis:66.66%\">\n<p><strong>Clay Claws Ceramics is Laura's slightly crazy world.<\/strong><br>After practicing ceramics in a studio in Geneva for several years alongside her career as an architect, and after a few workshops to feed her curiosity, she decided to spend more time shaping clay with her hands\u2026 and less time shaping buildings. That\u2019s how Clay Claws Ceramics came to life.<\/p>\n\n\n\n<p>Chaque cr\u00e9ation est unique, parfois insolite, souvent dr\u00f4le mais toujours pleine de caract\u00e8re. Les objets du quotidien refusent la banalit\u00e9, et transforment un brunch en une petite sc\u00e8ne de th\u00e9\u00e2tre. Clay Claws Ceramics a pour but d\u2019\u00e9gayer vos int\u00e9rieurs avec des cr\u00e9atures color\u00e9es qui donnent le sourire !<\/p>\n\n\n\n<p>Everything is made entirely by hand, one piece at a time, in her workshop in Grenoble\u2014with a lot of patience, a good dose of imagination... and a cloud of clay dust !<\/p>\n<\/div>\n<\/div>","protected":false},"excerpt":{"rendered":"<p>\u2728\u00c0 propos de Clay Claws Ceramics \u2728 Clay Claws Ceramics, c\u2019est l\u2019univers un brin d\u00e9jant\u00e9 de Laura.Apr\u00e8s plusieurs ann\u00e9es pass\u00e9es dans un atelier genevois, \u00e0 pratiquer la c\u00e9ramique en parall\u00e8le de son m\u00e9tier d\u2019architecte, et apr\u00e8s quelques stages pour nourrir sa curiosit\u00e9, elle a choisi de mettre un peu plus la main \u00e0 la terre\u2026&#8230;<\/p>","protected":false},"author":1,"featured_media":0,"parent":0,"menu_order":0,"comment_status":"closed","ping_status":"closed","template":"","meta":{"_kad_post_transparent":"","_kad_post_title":"","_kad_post_layout":"","_kad_post_sidebar_id":"","_kad_post_content_style":"","_kad_post_vertical_padding":"","_kad_post_feature":"","_kad_post_feature_position":"","_kad_post_header":false,"_kad_post_footer":false,"_kad_post_classname":"","footnotes":""},"class_list":["post-70","page","type-page","status-publish","hentry"],"jetpack_sharing_enabled":true,"_links":{"self":[{"href":"https:\/\/clayclawsceramics.fr\/en\/wp-json\/wp\/v2\/pages\/70","targetHints":{"allow":["GET"]}}],"collection":[{"href":"https:\/\/clayclawsceramics.fr\/en\/wp-json\/wp\/v2\/pages"}],"about":[{"href":"https:\/\/clayclawsceramics.fr\/en\/wp-json\/wp\/v2\/types\/page"}],"author":[{"embeddable":true,"href":"https:\/\/clayclawsceramics.fr\/en\/wp-json\/wp\/v2\/users\/1"}],"replies":[{"embeddable":true,"href":"https:\/\/clayclawsceramics.fr\/en\/wp-json\/wp\/v2\/comments?post=70"}],"version-history":[{"count":14,"href":"https:\/\/clayclawsceramics.fr\/en\/wp-json\/wp\/v2\/pages\/70\/revisions"}],"predecessor-version":[{"id":1894,"href":"https:\/\/clayclawsceramics.fr\/en\/wp-json\/wp\/v2\/pages\/70\/revisions\/1894"}],"wp:attachment":[{"href":"https:\/\/clayclawsceramics.fr\/en\/wp-json\/wp\/v2\/media?parent=70"}],"curies":[{"name":"wp","href":"https:\/\/api.w.org\/{rel}","templated":true}]}}