{"id":59,"date":"2025-03-06T16:05:35","date_gmt":"2025-03-06T16:05:35","guid":{"rendered":"https:\/\/aqua-baboon-706819.hostingersite.com\/?page_id=59"},"modified":"2025-09-01T10:18:08","modified_gmt":"2025-09-01T10:18:08","slug":"commande-sur-mesure","status":"publish","type":"page","link":"https:\/\/clayclawsceramics.fr\/en\/commande-sur-mesure\/","title":{"rendered":"Custom order"},"content":{"rendered":"<style>.kb-row-layout-id59_beb2f1-4d > .kt-row-column-wrap{align-content:start;}:where(.kb-row-layout-id59_beb2f1-4d > .kt-row-column-wrap) > .wp-block-kadence-column{justify-content:start;}.kb-row-layout-id59_beb2f1-4d > .kt-row-column-wrap{column-gap:var(--global-kb-gap-md, 2rem);row-gap:var(--global-kb-gap-md, 2rem);padding-top:var(--global-kb-spacing-sm, 1.5rem);padding-bottom:var(--global-kb-spacing-sm, 1.5rem);grid-template-columns:repeat(2, minmax(0, 1fr));}.kb-row-layout-id59_beb2f1-4d > .kt-row-layout-overlay{opacity:0.30;}@media all and (max-width: 1024px){.kb-row-layout-id59_beb2f1-4d > .kt-row-column-wrap{grid-template-columns:repeat(2, minmax(0, 1fr));}}@media all and (max-width: 767px){.kb-row-layout-id59_beb2f1-4d > .kt-row-column-wrap{grid-template-columns:minmax(0, 1fr);}}<\/style><div class=\"kb-row-layout-wrap kb-row-layout-id59_beb2f1-4d alignnone wp-block-kadence-rowlayout\"><div class=\"kt-row-column-wrap kt-has-2-columns kt-row-layout-equal kt-tab-layout-inherit kt-mobile-layout-row kt-row-valign-top\">\n<style>.kadence-column59_e10bc3-9d > .kt-inside-inner-col,.kadence-column59_e10bc3-9d > .kt-inside-inner-col:before{border-top-left-radius:0px;border-top-right-radius:0px;border-bottom-right-radius:0px;border-bottom-left-radius:0px;}.kadence-column59_e10bc3-9d > .kt-inside-inner-col{column-gap:var(--global-kb-gap-sm, 1rem);}.kadence-column59_e10bc3-9d > .kt-inside-inner-col{flex-direction:column;}.kadence-column59_e10bc3-9d > .kt-inside-inner-col > .aligncenter{width:100%;}.kadence-column59_e10bc3-9d > .kt-inside-inner-col:before{opacity:0.3;}.kadence-column59_e10bc3-9d{position:relative;}@media all and (max-width: 1024px){.kadence-column59_e10bc3-9d > .kt-inside-inner-col{flex-direction:column;justify-content:center;}}@media all and (max-width: 767px){.kadence-column59_e10bc3-9d > .kt-inside-inner-col{flex-direction:column;justify-content:center;}}<\/style>\n<div class=\"wp-block-kadence-column kadence-column59_e10bc3-9d\"><div class=\"kt-inside-inner-col\">\n<figure class=\"wp-block-image size-large\"><img loading=\"lazy\" decoding=\"async\" width=\"768\" height=\"1024\" src=\"https:\/\/clayclawsceramics.fr\/wp-content\/uploads\/2025\/06\/IMG_3885-768x1024.jpeg\" alt=\"\" class=\"wp-image-382\" srcset=\"https:\/\/clayclawsceramics.fr\/wp-content\/uploads\/2025\/06\/IMG_3885-768x1024.jpeg 768w, https:\/\/clayclawsceramics.fr\/wp-content\/uploads\/2025\/06\/IMG_3885-scaled-1000x1333.jpeg 1000w, https:\/\/clayclawsceramics.fr\/wp-content\/uploads\/2025\/06\/IMG_3885-225x300.jpeg 225w, https:\/\/clayclawsceramics.fr\/wp-content\/uploads\/2025\/06\/IMG_3885-1152x1536.jpeg 1152w, https:\/\/clayclawsceramics.fr\/wp-content\/uploads\/2025\/06\/IMG_3885-1536x2048.jpeg 1536w, https:\/\/clayclawsceramics.fr\/wp-content\/uploads\/2025\/06\/IMG_3885-scaled.jpeg 1920w\" sizes=\"auto, (max-width: 768px) 100vw, 768px\" \/><\/figure>\n<\/div><\/div>\n\n\n<style>.kadence-column59_d6f26c-5b > .kt-inside-inner-col,.kadence-column59_d6f26c-5b > .kt-inside-inner-col:before{border-top-left-radius:0px;border-top-right-radius:0px;border-bottom-right-radius:0px;border-bottom-left-radius:0px;}.kadence-column59_d6f26c-5b > .kt-inside-inner-col{column-gap:var(--global-kb-gap-sm, 1rem);}.kadence-column59_d6f26c-5b > .kt-inside-inner-col{flex-direction:column;}.kadence-column59_d6f26c-5b > .kt-inside-inner-col > .aligncenter{width:100%;}.kadence-column59_d6f26c-5b > .kt-inside-inner-col:before{opacity:0.3;}.kadence-column59_d6f26c-5b{position:relative;}@media all and (max-width: 1024px){.kadence-column59_d6f26c-5b > .kt-inside-inner-col{flex-direction:column;justify-content:center;}}@media all and (max-width: 767px){.kadence-column59_d6f26c-5b > .kt-inside-inner-col{flex-direction:column;justify-content:center;}}<\/style>\n<div class=\"wp-block-kadence-column kadence-column59_d6f26c-5b\"><div class=\"kt-inside-inner-col\">\n<h6 class=\"wp-block-heading has-text-align-center has-large-font-size\"><mark style=\"background-color:var(--global-palette3)\" class=\"has-inline-color has-theme-palette-2-color\">\u2728<mark style=\"background-color:var(--global-palette3)\" class=\"has-inline-color has-theme-palette-2-color\">V<\/mark>ous avez une id\u00e9e pr\u00e9cise ou un projet sp\u00e9cial en t\u00eate ?\u2728<\/mark><\/h6>\n\n\n<style>.wp-block-kadence-advancedheading.kt-adv-heading59_32c771-5f, .wp-block-kadence-advancedheading.kt-adv-heading59_32c771-5f[data-kb-block=\"kb-adv-heading59_32c771-5f\"]{text-align:center;font-size:var(--global-kb-font-size-sm, 0.9rem);font-style:normal;}.wp-block-kadence-advancedheading.kt-adv-heading59_32c771-5f mark.kt-highlight, .wp-block-kadence-advancedheading.kt-adv-heading59_32c771-5f[data-kb-block=\"kb-adv-heading59_32c771-5f\"] mark.kt-highlight{font-style:normal;color:#f76a0c;-webkit-box-decoration-break:clone;box-decoration-break:clone;padding-top:0px;padding-right:0px;padding-bottom:0px;padding-left:0px;}.wp-block-kadence-advancedheading.kt-adv-heading59_32c771-5f img.kb-inline-image, .wp-block-kadence-advancedheading.kt-adv-heading59_32c771-5f[data-kb-block=\"kb-adv-heading59_32c771-5f\"] img.kb-inline-image{width:150px;vertical-align:baseline;}<\/style>\n<h1 class=\"kt-adv-heading59_32c771-5f wp-block-kadence-advancedheading\" data-kb-block=\"kb-adv-heading59_32c771-5f\"><mark style=\"background-color:rgba(0, 0, 0, 0)\" class=\"has-inline-color has-theme-palette-3-color\">Que ce soit une pi\u00e8ce unique pour chez vous, une s\u00e9rie personnalis\u00e9e pour un caf\u00e9, une boutique, un \u00e9v\u00e9nement&#8230; je serai ravie d\u2019en discuter avec vous !<br>D\u00e9crivez-moi votre envie, et je verrai comment la transformer en c\u00e9ramique \u2014 selon mes dispos, les d\u00e9lais\u2026 et l\u2019humeur (parfois capricieuse) de mon four.<\/mark><\/h1>\n\n\n<style id=\"wpforms-css-vars-327-block-e8096dba-79ef-4f91-b75b-2871a883551b\">\n\t\t\t\t#wpforms-327.wpforms-block-e8096dba-79ef-4f91-b75b-2871a883551b {\n\t\t\t\t--wpforms-label-color: var(--global-palette2);\n--wpforms-label-sublabel-color: var(--global-palette3);\n--wpforms-label-error-color: var(--global-palette2);\n--wpforms-field-border-style: none;\n--wpforms-field-border-radius: 8px;\n--wpforms-button-background-color: var(--global-palette2);\n--wpforms-field-border-size: 0px;\n--wpforms-field-size-input-height: 31px;\n--wpforms-field-size-input-spacing: 10px;\n--wpforms-field-size-font-size: 14px;\n--wpforms-field-size-line-height: 17px;\n--wpforms-field-size-padding-h: 9px;\n--wpforms-field-size-checkbox-size: 14px;\n--wpforms-field-size-sublabel-spacing: 5px;\n--wpforms-field-size-icon-size: 0.75;\n--wpforms-label-size-font-size: 16px;\n--wpforms-label-size-line-height: 19px;\n--wpforms-label-size-sublabel-font-size: 14px;\n--wpforms-label-size-sublabel-line-height: 17px;\n--wpforms-button-size-font-size: 14px;\n--wpforms-button-size-height: 37px;\n--wpforms-button-size-padding-h: 15px;\n--wpforms-button-size-margin-top: 5px;\n\t\t\t}\n\t\t\t<\/style><div class=\"wpforms-container wpforms-container-full wpforms-block wpforms-block-e8096dba-79ef-4f91-b75b-2871a883551b wpforms-render-modern\" id=\"wpforms-327\"><form id=\"wpforms-form-327\" class=\"wpforms-validate wpforms-form wpforms-ajax-form\" data-formid=\"327\" method=\"post\" enctype=\"multipart\/form-data\" action=\"\/en\/wp-json\/wp\/v2\/pages\/59\" data-token=\"2d73223eb46f0ce2c338d15285247120\" data-token-time=\"1775412866\"><noscript class=\"wpforms-error-noscript\">Please enable JavaScript in your browser to complete this form.<\/noscript><div id=\"wpforms-error-noscript\" style=\"display: none;\">Please enable JavaScript in your browser to complete this form.<\/div><div class=\"wpforms-field-container\">\t\t<div id=\"wpforms-327-field_4-container\"\n\t\t\tclass=\"wpforms-field wpforms-field-text\"\n\t\t\tdata-field-type=\"text\"\n\t\t\tdata-field-id=\"4\"\n\t\t\t>\n\t\t\t<label class=\"wpforms-field-label\" for=\"wpforms-327-field_4\" > Nom Message<\/label>\n\t\t\t<input type=\"text\" id=\"wpforms-327-field_4\" class=\"wpforms-field-medium\" name=\"wpforms[fields][4]\" >\n\t\t<\/div>\n\t\t<div id=\"wpforms-327-field_1-container\" class=\"wpforms-field wpforms-field-name\" data-field-id=\"1\"><fieldset><legend class=\"wpforms-field-label\">Nom <span class=\"wpforms-required-label\" aria-hidden=\"true\">*<\/span><\/legend><div class=\"wpforms-field-row wpforms-field-medium\"><div class=\"wpforms-field-row-block wpforms-first wpforms-one-half\"><input type=\"text\" id=\"wpforms-327-field_1\" class=\"wpforms-field-name-first wpforms-field-required\" name=\"wpforms[fields][1][first]\" aria-errormessage=\"wpforms-327-field_1-error\" required><label for=\"wpforms-327-field_1\" class=\"wpforms-field-sublabel after\">First<\/label><\/div><div class=\"wpforms-field-row-block wpforms-one-half\"><input type=\"text\" id=\"wpforms-327-field_1-last\" class=\"wpforms-field-name-last wpforms-field-required\" name=\"wpforms[fields][1][last]\" aria-errormessage=\"wpforms-327-field_1-last-error\" required><label for=\"wpforms-327-field_1-last\" class=\"wpforms-field-sublabel after\">Last<\/label><\/div><\/div><\/fieldset><\/div><div id=\"wpforms-327-field_2-container\" class=\"wpforms-field wpforms-field-email\" data-field-id=\"2\"><label class=\"wpforms-field-label\" for=\"wpforms-327-field_2\">E-mail <span class=\"wpforms-required-label\" aria-hidden=\"true\">*<\/span><\/label><input type=\"email\" id=\"wpforms-327-field_2\" class=\"wpforms-field-medium wpforms-field-required\" name=\"wpforms[fields][2]\" spellcheck=\"false\" aria-errormessage=\"wpforms-327-field_2-error\" required><\/div><div id=\"wpforms-327-field_3-container\" class=\"wpforms-field wpforms-field-textarea\" data-field-id=\"3\"><label class=\"wpforms-field-label\" for=\"wpforms-327-field_3\">Message <\/label><textarea id=\"wpforms-327-field_3\" class=\"wpforms-field-medium\" name=\"wpforms[fields][3]\" aria-errormessage=\"wpforms-327-field_3-error\" ><\/textarea><\/div><script>\n\t\t\t\t( function() {\n\t\t\t\t\tconst style = document.createElement( 'style' );\n\t\t\t\t\tstyle.appendChild( document.createTextNode( '#wpforms-327-field_4-container { position: absolute !important; overflow: hidden !important; display: inline !important; height: 1px !important; width: 1px !important; z-index: -1000 !important; padding: 0 !important; } #wpforms-327-field_4-container input { visibility: hidden; } #wpforms-conversational-form-page #wpforms-327-field_4-container label { counter-increment: none; }' ) );\n\t\t\t\t\tdocument.head.appendChild( style );\n\t\t\t\t\tdocument.currentScript?.remove();\n\t\t\t\t} )();\n\t\t\t<\/script><\/div><!-- .wpforms-field-container --><div class=\"wpforms-recaptcha-container wpforms-is-recaptcha wpforms-is-recaptcha-type-v2\" ><div class=\"g-recaptcha\" data-sitekey=\"6LdSxGMrAAAAABgGKYrdVxWXLwdzQ1wWSSIM_UzS\"><\/div><input type=\"text\" name=\"g-recaptcha-hidden\" class=\"wpforms-recaptcha-hidden\" style=\"position:absolute!important;clip:rect(0,0,0,0)!important;height:1px!important;width:1px!important;border:0!important;overflow:hidden!important;padding:0!important;margin:0!important;\" data-rule-recaptcha=\"1\"><\/div><div class=\"wpforms-submit-container\" ><input type=\"hidden\" name=\"wpforms[id]\" value=\"327\"><input type=\"hidden\" name=\"page_title\" value=\"\"><input type=\"hidden\" name=\"page_url\" value=\"https:\/\/clayclawsceramics.fr\/en\/wp-json\/wp\/v2\/pages\/59\"><input type=\"hidden\" name=\"url_referer\" value=\"\"><button type=\"submit\" name=\"wpforms[submit]\" id=\"wpforms-submit-327\" class=\"wpforms-submit\" data-alt-text=\"Envoi...\" data-submit-text=\"Envoyer\" aria-live=\"assertive\" value=\"wpforms-submit\">Envoyer<\/button><img loading=\"lazy\" decoding=\"async\" src=\"https:\/\/clayclawsceramics.fr\/wp-content\/plugins\/wpforms-lite\/assets\/images\/submit-spin.svg\" class=\"wpforms-submit-spinner\" style=\"display: none;\" width=\"26\" height=\"26\" alt=\"Loading\"><\/div><\/form><\/div>  <!-- .wpforms-container --><\/div><\/div>\n\n<\/div><\/div>\n\n<style>.wp-block-kadence-advancedheading.kt-adv-heading59_421af3-38, .wp-block-kadence-advancedheading.kt-adv-heading59_421af3-38[data-kb-block=\"kb-adv-heading59_421af3-38\"]{text-align:center;font-size:var(--global-kb-font-size-lg, 2rem);font-style:normal;}.wp-block-kadence-advancedheading.kt-adv-heading59_421af3-38 mark.kt-highlight, .wp-block-kadence-advancedheading.kt-adv-heading59_421af3-38[data-kb-block=\"kb-adv-heading59_421af3-38\"] mark.kt-highlight{font-style:normal;color:#f76a0c;-webkit-box-decoration-break:clone;box-decoration-break:clone;padding-top:0px;padding-right:0px;padding-bottom:0px;padding-left:0px;}.wp-block-kadence-advancedheading.kt-adv-heading59_421af3-38 img.kb-inline-image, .wp-block-kadence-advancedheading.kt-adv-heading59_421af3-38[data-kb-block=\"kb-adv-heading59_421af3-38\"] img.kb-inline-image{width:150px;vertical-align:baseline;}<\/style>\n<h6 class=\"kt-adv-heading59_421af3-38 wp-block-kadence-advancedheading\" data-kb-block=\"kb-adv-heading59_421af3-38\"><\/h6>\n\n\n<style>.wp-block-kadence-advancedheading.kt-adv-heading59_60e416-63, .wp-block-kadence-advancedheading.kt-adv-heading59_60e416-63[data-kb-block=\"kb-adv-heading59_60e416-63\"]{text-align:center;font-size:var(--global-kb-font-size-md, 1.25rem);font-style:normal;}.wp-block-kadence-advancedheading.kt-adv-heading59_60e416-63 mark.kt-highlight, .wp-block-kadence-advancedheading.kt-adv-heading59_60e416-63[data-kb-block=\"kb-adv-heading59_60e416-63\"] mark.kt-highlight{font-style:normal;color:#f76a0c;-webkit-box-decoration-break:clone;box-decoration-break:clone;padding-top:0px;padding-right:0px;padding-bottom:0px;padding-left:0px;}.wp-block-kadence-advancedheading.kt-adv-heading59_60e416-63 img.kb-inline-image, .wp-block-kadence-advancedheading.kt-adv-heading59_60e416-63[data-kb-block=\"kb-adv-heading59_60e416-63\"] img.kb-inline-image{width:150px;vertical-align:baseline;}<\/style>\n<h2 class=\"kt-adv-heading59_60e416-63 wp-block-kadence-advancedheading\" data-kb-block=\"kb-adv-heading59_60e416-63\"><\/h2>\n","protected":false},"excerpt":{"rendered":"<p>\u2728Vous avez une id\u00e9e pr\u00e9cise ou un projet sp\u00e9cial en t\u00eate ?\u2728 Que ce soit une pi\u00e8ce unique pour chez vous, une s\u00e9rie personnalis\u00e9e pour un caf\u00e9, une boutique, un \u00e9v\u00e9nement&#8230; je serai ravie d\u2019en discuter avec vous !D\u00e9crivez-moi votre envie, et je verrai comment la transformer en c\u00e9ramique \u2014 selon mes dispos, les d\u00e9lais\u2026&#8230;<\/p>","protected":false},"author":1,"featured_media":0,"parent":0,"menu_order":0,"comment_status":"closed","ping_status":"closed","template":"","meta":{"_kad_post_transparent":"","_kad_post_title":"","_kad_post_layout":"","_kad_post_sidebar_id":"","_kad_post_content_style":"","_kad_post_vertical_padding":"","_kad_post_feature":"","_kad_post_feature_position":"","_kad_post_header":false,"_kad_post_footer":false,"_kad_post_classname":"","footnotes":""},"class_list":["post-59","page","type-page","status-publish","hentry"],"jetpack_sharing_enabled":true,"_links":{"self":[{"href":"https:\/\/clayclawsceramics.fr\/en\/wp-json\/wp\/v2\/pages\/59","targetHints":{"allow":["GET"]}}],"collection":[{"href":"https:\/\/clayclawsceramics.fr\/en\/wp-json\/wp\/v2\/pages"}],"about":[{"href":"https:\/\/clayclawsceramics.fr\/en\/wp-json\/wp\/v2\/types\/page"}],"author":[{"embeddable":true,"href":"https:\/\/clayclawsceramics.fr\/en\/wp-json\/wp\/v2\/users\/1"}],"replies":[{"embeddable":true,"href":"https:\/\/clayclawsceramics.fr\/en\/wp-json\/wp\/v2\/comments?post=59"}],"version-history":[{"count":8,"href":"https:\/\/clayclawsceramics.fr\/en\/wp-json\/wp\/v2\/pages\/59\/revisions"}],"predecessor-version":[{"id":1570,"href":"https:\/\/clayclawsceramics.fr\/en\/wp-json\/wp\/v2\/pages\/59\/revisions\/1570"}],"wp:attachment":[{"href":"https:\/\/clayclawsceramics.fr\/en\/wp-json\/wp\/v2\/media?parent=59"}],"curies":[{"name":"wp","href":"https:\/\/api.w.org\/{rel}","templated":true}]}}