{"id":335,"date":"2025-06-17T06:38:27","date_gmt":"2025-06-17T06:38:27","guid":{"rendered":"https:\/\/clayclawsceramics.fr\/?page_id=335"},"modified":"2025-09-16T14:35:51","modified_gmt":"2025-09-16T14:35:51","slug":"accueil","status":"publish","type":"page","link":"https:\/\/clayclawsceramics.fr\/en\/","title":{"rendered":"Accueil"},"content":{"rendered":"<div class=\"wp-block-columns is-layout-flex wp-container-core-columns-is-layout-9d6595d7 wp-block-columns-is-layout-flex\">\n<div class=\"wp-block-column is-layout-flow wp-block-column-is-layout-flow\">\n<p class=\"has-text-align-center\"><\/p>\n\n\n\n<p><\/p>\n\n\n\n<div class=\"wp-block-columns is-layout-flex wp-container-core-columns-is-layout-9d6595d7 wp-block-columns-is-layout-flex\">\n<div class=\"wp-block-column is-layout-flow wp-block-column-is-layout-flow\" style=\"flex-basis:100%\"><style>.kb-row-layout-id335_4e211e-1f > .kt-row-column-wrap{align-content:start;}:where(.kb-row-layout-id335_4e211e-1f > .kt-row-column-wrap) > .wp-block-kadence-column{justify-content:start;}.kb-row-layout-id335_4e211e-1f > .kt-row-column-wrap{column-gap:var(--global-kb-gap-md, 2rem);row-gap:var(--global-kb-gap-md, 2rem);max-width:2000px;margin-left:auto;margin-right:auto;padding-top:var(--global-kb-spacing-md, 2rem);padding-bottom:var(--global-kb-spacing-md, 2rem);grid-template-columns:minmax(0, calc(50% - ((var(--global-kb-gap-md, 2rem) * 1 )\/2)))minmax(0, calc(50% - ((var(--global-kb-gap-md, 2rem) * 1 )\/2)));}.kb-row-layout-id335_4e211e-1f{background-color:rgba(255,255,255,0);}.kb-row-layout-id335_4e211e-1f > .kt-row-layout-overlay{opacity:0.30;}@media all and (max-width: 1024px){.kb-row-layout-id335_4e211e-1f > .kt-row-column-wrap{grid-template-columns:repeat(2, minmax(0, 1fr));}}@media all and (max-width: 767px){.kb-row-layout-id335_4e211e-1f > .kt-row-column-wrap{grid-template-columns:minmax(0, 1fr);}}<\/style><div class=\"kb-row-layout-wrap kb-row-layout-id335_4e211e-1f alignnone kt-row-has-bg wp-block-kadence-rowlayout\"><div class=\"kt-row-column-wrap kt-has-2-columns kt-row-layout-equal kt-tab-layout-inherit kt-mobile-layout-row kt-row-valign-top\">\n<style>.kadence-column335_ca78f7-08 > .kt-inside-inner-col,.kadence-column335_ca78f7-08 > .kt-inside-inner-col:before{border-top-left-radius:0px;border-top-right-radius:0px;border-bottom-right-radius:0px;border-bottom-left-radius:0px;}.kadence-column335_ca78f7-08 > .kt-inside-inner-col{column-gap:var(--global-kb-gap-sm, 1rem);}.kadence-column335_ca78f7-08 > .kt-inside-inner-col{flex-direction:column;}.kadence-column335_ca78f7-08 > .kt-inside-inner-col > .aligncenter{width:100%;}.kadence-column335_ca78f7-08 > .kt-inside-inner-col:before{opacity:0.3;}.kadence-column335_ca78f7-08{position:relative;}@media all and (max-width: 1024px){.kadence-column335_ca78f7-08 > .kt-inside-inner-col{flex-direction:column;justify-content:center;}}@media all and (max-width: 767px){.kadence-column335_ca78f7-08 > .kt-inside-inner-col{flex-direction:column;justify-content:center;}}<\/style>\n<div class=\"wp-block-kadence-column kadence-column335_ca78f7-08\"><div class=\"kt-inside-inner-col\">\n<figure class=\"wp-block-image size-full\"><img loading=\"lazy\" decoding=\"async\" width=\"769\" height=\"1024\" src=\"https:\/\/clayclawsceramics.fr\/wp-content\/uploads\/2025\/06\/70F1B681-9073-411F-8B0B-B784259F2E61_1_105_c-4.jpeg\" alt=\"\" class=\"wp-image-1069\" srcset=\"https:\/\/clayclawsceramics.fr\/wp-content\/uploads\/2025\/06\/70F1B681-9073-411F-8B0B-B784259F2E61_1_105_c-4.jpeg 769w, https:\/\/clayclawsceramics.fr\/wp-content\/uploads\/2025\/06\/70F1B681-9073-411F-8B0B-B784259F2E61_1_105_c-4-400x533.jpeg 400w, https:\/\/clayclawsceramics.fr\/wp-content\/uploads\/2025\/06\/70F1B681-9073-411F-8B0B-B784259F2E61_1_105_c-4-225x300.jpeg 225w\" sizes=\"auto, (max-width: 769px) 100vw, 769px\" \/><\/figure>\n\n\n\n<p><br><\/p>\n<\/div><\/div>\n\n\n<style>.kadence-column335_4f81a8-62 > .kt-inside-inner-col,.kadence-column335_4f81a8-62 > .kt-inside-inner-col:before{border-top-left-radius:0px;border-top-right-radius:0px;border-bottom-right-radius:0px;border-bottom-left-radius:0px;}.kadence-column335_4f81a8-62 > .kt-inside-inner-col{column-gap:var(--global-kb-gap-sm, 1rem);}.kadence-column335_4f81a8-62 > .kt-inside-inner-col{flex-direction:column;}.kadence-column335_4f81a8-62 > .kt-inside-inner-col > .aligncenter{width:100%;}.kadence-column335_4f81a8-62 > .kt-inside-inner-col:before{opacity:0.3;}.kadence-column335_4f81a8-62{position:relative;}@media all and (max-width: 1024px){.kadence-column335_4f81a8-62 > .kt-inside-inner-col{flex-direction:column;justify-content:center;}}@media all and (max-width: 767px){.kadence-column335_4f81a8-62 > .kt-inside-inner-col{flex-direction:column;justify-content:center;}}<\/style>\n<div class=\"wp-block-kadence-column kadence-column335_4f81a8-62\"><div class=\"kt-inside-inner-col\">\n<h6 class=\"wp-block-heading has-text-align-center\"><mark style=\"background-color:var(--global-palette3)\" class=\"has-inline-color has-theme-palette-2-color\">\ud83d\udc96 Welcome to the world of Clay Claws\u2728<\/mark><\/h6>\n\n\n\n<p class=\"has-text-align-center has-theme-palette-3-color has-text-color has-link-color wp-elements-904222bb2635d972d3a47e1e54063d72\">Here, creatures take shape in ceramics !<\/p>\n\n\n\n<p class=\"has-text-align-center has-theme-palette-3-color has-text-color has-link-color wp-elements-b8425388e6c333006801f1af268a9673\">Each piece is unique, colorful, funky and whimsical - but most importantly, handmade with love in the capital of the French Alps. Some are as gentle as bunnies, but beware - some might scratch !&nbsp;<\/p>\n\n\n\n<p class=\"has-text-align-center has-theme-palette-3-color has-text-color has-link-color wp-elements-abcc6e1c593202c47e45b1abbea57838\">Elles sont l\u00e0 pour illuminer votre int\u00e9rieur, et surveiller votre beurre &#8211; chaque pi\u00e8ce a son caract\u00e8re bien tremp\u00e9 !<\/p>\n\n\n\n<h6 class=\"wp-block-heading\"><mark style=\"background-color:var(--global-palette3)\" class=\"has-inline-color has-theme-palette-1-color\">\"Imagination in the only weapon in the war against reality.\"<\/mark><\/h6>\n\n\n\n<p>The Cheshire Cat, Alice in Wonderland, L. Carroll<\/p>\n<\/div><\/div>\n\n<\/div><\/div><\/div>\n<\/div>\n<\/div>\n<\/div>","protected":false},"excerpt":{"rendered":"<p>\ud83d\udc96 Bienvenue dans l&rsquo;univers Clay Claws\u2728 Ici, les cr\u00e9atures prennent forme en c\u00e9ramique ! Chaque pi\u00e8ce est unique, color\u00e9e, funky et farfelue mais surtout, faite main avec amour dans la capitale des Alpes Fran\u00e7aises. Certaines sont dociles comme des lapins, mais gare \u00e0 vous, certaines peuvent griffer !&nbsp; Elles sont l\u00e0 pour illuminer votre int\u00e9rieur,&#8230;<\/p>","protected":false},"author":1,"featured_media":0,"parent":0,"menu_order":0,"comment_status":"closed","ping_status":"closed","template":"","meta":{"_kad_post_transparent":"","_kad_post_title":"","_kad_post_layout":"","_kad_post_sidebar_id":"","_kad_post_content_style":"","_kad_post_vertical_padding":"hide","_kad_post_feature":"","_kad_post_feature_position":"","_kad_post_header":false,"_kad_post_footer":false,"_kad_post_classname":"","footnotes":"[]"},"class_list":["post-335","page","type-page","status-publish","hentry"],"jetpack_sharing_enabled":true,"_links":{"self":[{"href":"https:\/\/clayclawsceramics.fr\/en\/wp-json\/wp\/v2\/pages\/335","targetHints":{"allow":["GET"]}}],"collection":[{"href":"https:\/\/clayclawsceramics.fr\/en\/wp-json\/wp\/v2\/pages"}],"about":[{"href":"https:\/\/clayclawsceramics.fr\/en\/wp-json\/wp\/v2\/types\/page"}],"author":[{"embeddable":true,"href":"https:\/\/clayclawsceramics.fr\/en\/wp-json\/wp\/v2\/users\/1"}],"replies":[{"embeddable":true,"href":"https:\/\/clayclawsceramics.fr\/en\/wp-json\/wp\/v2\/comments?post=335"}],"version-history":[{"count":61,"href":"https:\/\/clayclawsceramics.fr\/en\/wp-json\/wp\/v2\/pages\/335\/revisions"}],"predecessor-version":[{"id":1896,"href":"https:\/\/clayclawsceramics.fr\/en\/wp-json\/wp\/v2\/pages\/335\/revisions\/1896"}],"wp:attachment":[{"href":"https:\/\/clayclawsceramics.fr\/en\/wp-json\/wp\/v2\/media?parent=335"}],"curies":[{"name":"wp","href":"https:\/\/api.w.org\/{rel}","templated":true}]}}