{"id":1933,"date":"2026-03-31T10:21:56","date_gmt":"2026-03-31T10:21:56","guid":{"rendered":"https:\/\/clayclawsceramics.fr\/?page_id=1933"},"modified":"2026-03-31T13:29:40","modified_gmt":"2026-03-31T13:29:40","slug":"le-clay-claws-club","status":"publish","type":"page","link":"https:\/\/clayclawsceramics.fr\/en\/le-clay-claws-club\/","title":{"rendered":"The Clay Claws Club !"},"content":{"rendered":"\n<h6 class=\"wp-block-heading has-text-align-center\"><img decoding=\"async\" class=\"emoji\" src=\"https:\/\/s.w.org\/images\/core\/emoji\/16.0.1\/svg\/2728.svg\" alt=\"\u2728\"> Le Clay Claws Club ! <img decoding=\"async\" class=\"emoji\" src=\"https:\/\/s.w.org\/images\/core\/emoji\/16.0.1\/svg\/1f981.svg\" alt=\"\ud83e\udd81\"><\/h6>\n\n\n\n<p><\/p>\n\n\n  \n  \n  <div class=\"\n    mailpoet_form_popup_overlay\n      \"><\/div>\n  <div\n    id=\"mailpoet_form_4\"\n    class=\"\n      mailpoet_form\n      mailpoet_form_html\n      mailpoet_form_position_\n      mailpoet_form_animation_\n    \"\n      >\n\n    <style type=\"text\/css\">\n     #mailpoet_form_4 .mailpoet_form {  }\n#mailpoet_form_4 form { margin-bottom: 0; }\n#mailpoet_form_4 h1.mailpoet-heading { margin: 0 0 20px; }\n#mailpoet_form_4 p.mailpoet_form_paragraph.last { margin-bottom: 5px; }\n#mailpoet_form_4 .mailpoet_column_with_background { padding: 10px; }\n#mailpoet_form_4 .mailpoet_form_column:not(:first-child) { margin-left: 20px; }\n#mailpoet_form_4 .mailpoet_paragraph { line-height: 20px; margin-bottom: 20px; }\n#mailpoet_form_4 .mailpoet_segment_label, #mailpoet_form_4 .mailpoet_text_label, #mailpoet_form_4 .mailpoet_textarea_label, #mailpoet_form_4 .mailpoet_select_label, #mailpoet_form_4 .mailpoet_radio_label, #mailpoet_form_4 .mailpoet_checkbox_label, #mailpoet_form_4 .mailpoet_list_label, #mailpoet_form_4 .mailpoet_date_label { display: block; font-weight: normal; }\n#mailpoet_form_4 .mailpoet_text, #mailpoet_form_4 .mailpoet_textarea, #mailpoet_form_4 .mailpoet_select, #mailpoet_form_4 .mailpoet_date_month, #mailpoet_form_4 .mailpoet_date_day, #mailpoet_form_4 .mailpoet_date_year, #mailpoet_form_4 .mailpoet_date { display: block; }\n#mailpoet_form_4 .mailpoet_text, #mailpoet_form_4 .mailpoet_textarea { width: 200px; }\n#mailpoet_form_4 .mailpoet_checkbox {  }\n#mailpoet_form_4 .mailpoet_submit {  }\n#mailpoet_form_4 .mailpoet_divider {  }\n#mailpoet_form_4 .mailpoet_message {  }\n#mailpoet_form_4 .mailpoet_form_loading { width: 30px; text-align: center; line-height: normal; }\n#mailpoet_form_4 .mailpoet_form_loading > span { width: 5px; height: 5px; background-color: #5b5b5b; }#mailpoet_form_4{border: 10px solid #f91e00;border-radius: 20px;background: #ffb3e4;color: #ffffff;text-align: center;}#mailpoet_form_4 form.mailpoet_form {padding: 40px;}#mailpoet_form_4{width: 100%;}#mailpoet_form_4 .mailpoet_message {margin: 0; padding: 0 20px;}\n        #mailpoet_form_4 .mailpoet_validate_success {color: #00d084}\n        #mailpoet_form_4 input.parsley-success {color: #00d084}\n        #mailpoet_form_4 select.parsley-success {color: #00d084}\n        #mailpoet_form_4 textarea.parsley-success {color: #00d084}\n      \n        #mailpoet_form_4 .mailpoet_validate_error {color: #f91e00}\n        #mailpoet_form_4 input.parsley-error {color: #f91e00}\n        #mailpoet_form_4 select.parsley-error {color: #f91e00}\n        #mailpoet_form_4 textarea.textarea.parsley-error {color: #f91e00}\n        #mailpoet_form_4 .parsley-errors-list {color: #f91e00}\n        #mailpoet_form_4 .parsley-required {color: #f91e00}\n        #mailpoet_form_4 .parsley-custom-error-message {color: #f91e00}\n      #mailpoet_form_4 .mailpoet_paragraph.last {margin-bottom: 0} @media (max-width: 500px) {#mailpoet_form_4 {background: #ffb3e4;}} @media (min-width: 500px) {#mailpoet_form_4 .last .mailpoet_paragraph:last-child {margin-bottom: 0}}  @media (max-width: 500px) {#mailpoet_form_4 .mailpoet_form_column:last-child .mailpoet_paragraph:last-child {margin-bottom: 0}} \n    <\/style>\n\n    <form\n      target=\"_self\"\n      method=\"post\"\n      action=\"https:\/\/clayclawsceramics.fr\/wp-admin\/admin-post.php?action=mailpoet_subscription_form\"\n      class=\"mailpoet_form mailpoet_form_form mailpoet_form_html\"\n      novalidate\n      data-delay=\"\"\n      data-exit-intent-enabled=\"\"\n      data-trigger-mode=\"\"\n      data-click-trigger-selector=\"\"\n      data-font-family=\"\"\n      data-cookie-expiration-time=\"\"\n    >\n      <input type=\"hidden\" name=\"data[form_id]\" value=\"4\" \/>\n      <input type=\"hidden\" name=\"token\" value=\"4699693a26\" \/>\n      <input type=\"hidden\" name=\"api_version\" value=\"v1\" \/>\n      <input type=\"hidden\" name=\"endpoint\" value=\"subscribers\" \/>\n      <input type=\"hidden\" name=\"mailpoet_method\" value=\"subscribe\" \/>\n\n      <label class=\"mailpoet_hp_email_label\" style=\"display: none !important;\">Please leave this field empty<input type=\"email\" name=\"data[email]\"\/><\/label><h2 class=\"mailpoet-heading \" style=\"text-align: left\"><\/h2>\n<p class=\"mailpoet_form_paragraph  mailpoet-has-font-size\" style=\"text-align: center; color: #ffffff; font-size: 30px\"><span style=\"font-family: Fjalla One\" data-font=\"Fjalla One\" class=\"mailpoet-has-font\">Pour \u00eatre inform\u00e9.e des nouveaut\u00e9s, des vides ateliers et autres \u00e9v\u00e8nements, indiquez votre e-mail ci-dessous !<\/span><\/p>\n<h2 class=\"mailpoet-heading \" style=\"text-align: left\"><\/h2>\n<div class=\"mailpoet_paragraph \"><style>input[name=\"data[form_field_N2FmOGViOWQ5ODU4X2VtYWls]\"]::placeholder{color:#ffb3e4;opacity: 1;}<\/style><input type=\"email\" autocomplete=\"email\" class=\"mailpoet_text\" id=\"form_email_4\" name=\"data[form_field_N2FmOGViOWQ5ODU4X2VtYWls]\" title=\"Adresse e-mail\" value=\"\" style=\"width:100%;box-sizing:border-box;background-color:#ffffff;border-style:solid;border-radius:8px !important;border-width:0px;border-color:#313131;padding:10px;margin: 0 auto;font-family:&#039;Fjalla One&#039;;font-size:36px;line-height:1.5;height:auto;color:#ffb3e4;\" data-automation-id=\"form_email\"  placeholder=\"Adresse e-mail *\" aria-label=\"Adresse e-mail *\" data-parsley-errors-container=\".mailpoet_error_1hosx\" data-parsley-required=\"true\" required aria-required=\"true\" data-parsley-minlength=\"6\" data-parsley-maxlength=\"150\" data-parsley-type-message=\"This value should be a valid email.\" data-parsley-required-message=\"This field is required.\"\/><span class=\"mailpoet_error_1hosx\"><\/span><\/div>\n<div class=\"mailpoet_paragraph \"><input type=\"submit\" class=\"mailpoet_submit\" value=\"Je veux faire partie du Clay Claws Club ! \u2728\" data-automation-id=\"subscribe-submit-button\" data-font-family='Fjalla One' style=\"width:100%;box-sizing:border-box;background-color:#f91e00;border-style:solid;border-radius:8px !important;border-width:0px;padding:16px;margin: 0 auto;font-family:&#039;Fjalla One&#039;;font-size:15px;line-height:1.5;height:auto;color:#ffffff;border-color:transparent;font-weight:bold;\" \/><span class=\"mailpoet_form_loading\"><span class=\"mailpoet_bounce1\"><\/span><span class=\"mailpoet_bounce2\"><\/span><span class=\"mailpoet_bounce3\"><\/span><\/span><\/div>\n<p class=\"mailpoet_form_paragraph  mailpoet-has-font-size\" style=\"text-align: center; color: #ffffff; font-size: 13px\"><span style=\"font-family: Montserrat\" data-font=\"Montserrat\" class=\"mailpoet-has-font\">Nous ne spammons pas\u00a0! Consultez notre <a href=\"#\">politique de confidentialit\u00e9<\/a> pour plus d\u2019informations.<\/span><\/p>\n\n      <div class=\"mailpoet_message\">\n        <p class=\"mailpoet_validate_success\"\n                style=\"display:none;\"\n                >V\u00e9rifiez votre boite de r\u00e9ception ou votre r\u00e9pertoire d\u2019ind\u00e9sirables pour confirmer votre abonnement !\n        <\/p>\n        <p class=\"mailpoet_validate_error\"\n                style=\"display:none;\"\n                >        <\/p>\n      <\/div>\n    <\/form>\n\n      <\/div>\n\n  ","protected":false},"excerpt":{"rendered":"<p>The Clay Claws Club !<\/p>","protected":false},"author":1,"featured_media":0,"parent":0,"menu_order":0,"comment_status":"closed","ping_status":"closed","template":"","meta":{"_kad_post_transparent":"","_kad_post_title":"","_kad_post_layout":"","_kad_post_sidebar_id":"","_kad_post_content_style":"","_kad_post_vertical_padding":"","_kad_post_feature":"","_kad_post_feature_position":"","_kad_post_header":false,"_kad_post_footer":false,"_kad_post_classname":"","footnotes":""},"class_list":["post-1933","page","type-page","status-publish","hentry"],"jetpack_sharing_enabled":true,"_links":{"self":[{"href":"https:\/\/clayclawsceramics.fr\/en\/wp-json\/wp\/v2\/pages\/1933","targetHints":{"allow":["GET"]}}],"collection":[{"href":"https:\/\/clayclawsceramics.fr\/en\/wp-json\/wp\/v2\/pages"}],"about":[{"href":"https:\/\/clayclawsceramics.fr\/en\/wp-json\/wp\/v2\/types\/page"}],"author":[{"embeddable":true,"href":"https:\/\/clayclawsceramics.fr\/en\/wp-json\/wp\/v2\/users\/1"}],"replies":[{"embeddable":true,"href":"https:\/\/clayclawsceramics.fr\/en\/wp-json\/wp\/v2\/comments?post=1933"}],"version-history":[{"count":15,"href":"https:\/\/clayclawsceramics.fr\/en\/wp-json\/wp\/v2\/pages\/1933\/revisions"}],"predecessor-version":[{"id":1952,"href":"https:\/\/clayclawsceramics.fr\/en\/wp-json\/wp\/v2\/pages\/1933\/revisions\/1952"}],"wp:attachment":[{"href":"https:\/\/clayclawsceramics.fr\/en\/wp-json\/wp\/v2\/media?parent=1933"}],"curies":[{"name":"wp","href":"https:\/\/api.w.org\/{rel}","templated":true}]}}