{"id":1531,"date":"2025-08-22T19:41:30","date_gmt":"2025-08-22T19:41:30","guid":{"rendered":"https:\/\/clayclawsceramics.fr\/?page_id=1531"},"modified":"2025-08-22T19:41:32","modified_gmt":"2025-08-22T19:41:32","slug":"politique-de-confidentialite","status":"publish","type":"page","link":"https:\/\/clayclawsceramics.fr\/en\/politique-de-confidentialite\/","title":{"rendered":"Privacy Policy"},"content":{"rendered":"<h3 class=\"wp-block-heading\">Data Collection<\/h3>\n\n\n\n<p>When you place an order on the website www.clayclawsceramics.fr, certain personal information is collected : Name and surname, Postal address, Email address, Phone number.<br>This data is necessary for processing your order, delivery, and invoicing.<\/p>\n\n\n\n<h3 class=\"wp-block-heading\">Data Use<\/h3>\n\n\n\n<p>The information collected is used exclusively in the context of the commercial relationship with Clay Claws Ceramics.<br>It is <strong>never sold or shared<\/strong> with third parties, except with essential service providers (e.g., delivery service, payment platform).<\/p>\n\n\n\n<h3 class=\"wp-block-heading\">Data Retention<\/h3>\n\n\n\n<p>Your personal data is kept only for the time required to manage your order and the commercial relationship.\nIt is then archived for the legal retention period (invoicing, accounting, potential disputes).<\/p>\n\n\n\n<h3 class=\"wp-block-heading\">Cookies<\/h3>\n\n\n\n<p>This website uses only technical cookies strictly necessary for its proper functioning, including :<\/p>\n\n\n\n<ul class=\"wp-block-list\">\n<li>Managing the shopping car<\/li>\n\n\n\n<li>Ensuring the secure order process<br>No advertising or tracking cookies are used.<\/li>\n<\/ul>\n\n\n\n<h3 class=\"wp-block-heading\">Data Security<\/h3>\n\n\n\n<p>All personal data is processed with the utmost confidentiality. <strong>Stripe<\/strong>Online payments are secured via Stripe, which encrypts your banking information and never shares it with the seller.<\/p>\n\n\n\n<h3 class=\"wp-block-heading\">Your Rights<\/h3>\n\n\n\n<p>In accordance with the GDPR, you have the right to access, rectify, delete, and port your data.<br>To exercise these rights, you may contact:<strong><a href=\"mailto:clayclawsceramics@gmail.com\"> <\/a><\/strong> clayclawsceramics@gmail.com<\/p>","protected":false},"excerpt":{"rendered":"<p>Collecte des donn\u00e9es Lorsque vous passez commande sur le site www.clayclawsceramics.fr, certaines informations personnelles sont collect\u00e9es : nom, pr\u00e9nom, adresse postale, adresse email et num\u00e9ro de t\u00e9l\u00e9phone.Ces donn\u00e9es sont n\u00e9cessaires au traitement de votre commande, \u00e0 la livraison et \u00e0 la facturation. Utilisation des donn\u00e9es Les donn\u00e9es collect\u00e9es ne sont utilis\u00e9es que dans le cadre&#8230;<\/p>","protected":false},"author":1,"featured_media":0,"parent":0,"menu_order":0,"comment_status":"closed","ping_status":"closed","template":"","meta":{"_kad_post_transparent":"","_kad_post_title":"","_kad_post_layout":"","_kad_post_sidebar_id":"","_kad_post_content_style":"","_kad_post_vertical_padding":"","_kad_post_feature":"","_kad_post_feature_position":"","_kad_post_header":false,"_kad_post_footer":false,"_kad_post_classname":"","footnotes":""},"class_list":["post-1531","page","type-page","status-publish","hentry"],"jetpack_sharing_enabled":true,"_links":{"self":[{"href":"https:\/\/clayclawsceramics.fr\/en\/wp-json\/wp\/v2\/pages\/1531","targetHints":{"allow":["GET"]}}],"collection":[{"href":"https:\/\/clayclawsceramics.fr\/en\/wp-json\/wp\/v2\/pages"}],"about":[{"href":"https:\/\/clayclawsceramics.fr\/en\/wp-json\/wp\/v2\/types\/page"}],"author":[{"embeddable":true,"href":"https:\/\/clayclawsceramics.fr\/en\/wp-json\/wp\/v2\/users\/1"}],"replies":[{"embeddable":true,"href":"https:\/\/clayclawsceramics.fr\/en\/wp-json\/wp\/v2\/comments?post=1531"}],"version-history":[{"count":1,"href":"https:\/\/clayclawsceramics.fr\/en\/wp-json\/wp\/v2\/pages\/1531\/revisions"}],"predecessor-version":[{"id":1532,"href":"https:\/\/clayclawsceramics.fr\/en\/wp-json\/wp\/v2\/pages\/1531\/revisions\/1532"}],"wp:attachment":[{"href":"https:\/\/clayclawsceramics.fr\/en\/wp-json\/wp\/v2\/media?parent=1531"}],"curies":[{"name":"wp","href":"https:\/\/api.w.org\/{rel}","templated":true}]}}